{"id":85,"date":"2018-04-05T11:00:55","date_gmt":"2018-04-05T09:00:55","guid":{"rendered":"http:\/\/www.cvdieppe.fr\/?page_id=85"},"modified":"2024-12-01T10:20:25","modified_gmt":"2024-12-01T09:20:25","slug":"ecole-de-sport-voile-legere","status":"publish","type":"page","link":"https:\/\/www.cvdieppe.fr\/?page_id=85","title":{"rendered":"\u00c9cole de Sport Voile L\u00e9g\u00e8re"},"content":{"rendered":"\t\t<div data-elementor-type=\"wp-post\" data-elementor-id=\"85\" class=\"elementor elementor-85\">\n\t\t\t\t\t\t<section class=\"elementor-section elementor-top-section elementor-element elementor-element-7a8e163 elementor-section-boxed elementor-section-height-default elementor-section-height-default\" data-id=\"7a8e163\" data-element_type=\"section\">\n\t\t\t\t\t\t<div class=\"elementor-container elementor-column-gap-default\">\n\t\t\t\t\t<div class=\"elementor-column elementor-col-100 elementor-top-column elementor-element elementor-element-f0cf1ca\" data-id=\"f0cf1ca\" data-element_type=\"column\">\n\t\t\t<div class=\"elementor-widget-wrap elementor-element-populated\">\n\t\t\t\t\t\t<div class=\"elementor-element elementor-element-c2a1ef7 elementor-widget elementor-widget-text-editor\" data-id=\"c2a1ef7\" data-element_type=\"widget\" data-widget_type=\"text-editor.default\">\n\t\t\t\t<div class=\"elementor-widget-container\">\n\t\t\t\t\t\t\t\t\t<p><span>L\u2019\u00e9cole de sport voile l\u00e9g\u00e8re est d\u00e9di\u00e9e aux enfants de 7 \u00e0 13 ans sur Optimist. Elle se d\u00e9roule en bassin int\u00e9rieur (le bassin de Paris) et elle est encadr\u00e9e par un moniteur dipl\u00f4m\u00e9e d\u2019\u00c9tat.<\/span><\/p>\t\t\t\t\t\t\t\t<\/div>\n\t\t\t\t<\/div>\n\t\t\t\t\t<\/div>\n\t\t<\/div>\n\t\t\t\t\t<\/div>\n\t\t<\/section>\n\t\t\t\t<section class=\"elementor-section elementor-top-section elementor-element elementor-element-461bc32 elementor-section-boxed elementor-section-height-default elementor-section-height-default\" data-id=\"461bc32\" data-element_type=\"section\">\n\t\t\t\t\t\t<div class=\"elementor-container elementor-column-gap-default\">\n\t\t\t\t\t<div class=\"elementor-column elementor-col-50 elementor-top-column elementor-element elementor-element-6382f2a\" data-id=\"6382f2a\" data-element_type=\"column\">\n\t\t\t<div class=\"elementor-widget-wrap elementor-element-populated\">\n\t\t\t\t\t\t<div class=\"elementor-element elementor-element-bac8c61 elementor-widget elementor-widget-image\" data-id=\"bac8c61\" data-element_type=\"widget\" data-widget_type=\"image.default\">\n\t\t\t\t<div class=\"elementor-widget-container\">\n\t\t\t\t\t\t\t\t\t\t\t\t\t\t\t<img fetchpriority=\"high\" decoding=\"async\" width=\"750\" height=\"454\" src=\"https:\/\/www.cvdieppe.fr\/wp-content\/uploads\/eds-2-1024x620.jpg\" class=\"attachment-large size-large wp-image-2219\" alt=\"\" srcset=\"https:\/\/www.cvdieppe.fr\/wp-content\/uploads\/eds-2-1024x620.jpg 1024w, https:\/\/www.cvdieppe.fr\/wp-content\/uploads\/eds-2-300x182.jpg 300w, https:\/\/www.cvdieppe.fr\/wp-content\/uploads\/eds-2-768x465.jpg 768w, https:\/\/www.cvdieppe.fr\/wp-content\/uploads\/eds-2-1536x931.jpg 1536w, https:\/\/www.cvdieppe.fr\/wp-content\/uploads\/eds-2-2048x1241.jpg 2048w\" sizes=\"(max-width: 750px) 100vw, 750px\" \/>\t\t\t\t\t\t\t\t\t\t\t\t\t\t\t<\/div>\n\t\t\t\t<\/div>\n\t\t\t\t<div class=\"elementor-element elementor-element-083768b elementor-widget elementor-widget-image\" data-id=\"083768b\" data-element_type=\"widget\" data-widget_type=\"image.default\">\n\t\t\t\t<div class=\"elementor-widget-container\">\n\t\t\t\t\t\t\t\t\t\t\t\t\t\t\t<img decoding=\"async\" width=\"750\" height=\"392\" src=\"https:\/\/www.cvdieppe.fr\/wp-content\/uploads\/eds-3-1024x535.jpg\" class=\"attachment-large size-large wp-image-2218\" alt=\"\" srcset=\"https:\/\/www.cvdieppe.fr\/wp-content\/uploads\/eds-3-1024x535.jpg 1024w, https:\/\/www.cvdieppe.fr\/wp-content\/uploads\/eds-3-300x157.jpg 300w, https:\/\/www.cvdieppe.fr\/wp-content\/uploads\/eds-3-768x401.jpg 768w, https:\/\/www.cvdieppe.fr\/wp-content\/uploads\/eds-3.jpg 1280w\" sizes=\"(max-width: 750px) 100vw, 750px\" \/>\t\t\t\t\t\t\t\t\t\t\t\t\t\t\t<\/div>\n\t\t\t\t<\/div>\n\t\t\t\t\t<\/div>\n\t\t<\/div>\n\t\t\t\t<div class=\"elementor-column elementor-col-50 elementor-top-column elementor-element elementor-element-c0944ac\" data-id=\"c0944ac\" data-element_type=\"column\">\n\t\t\t<div class=\"elementor-widget-wrap elementor-element-populated\">\n\t\t\t\t\t\t<div class=\"elementor-element elementor-element-a68d895 elementor-widget elementor-widget-text-editor\" data-id=\"a68d895\" data-element_type=\"widget\" data-widget_type=\"text-editor.default\">\n\t\t\t\t<div class=\"elementor-widget-container\">\n\t\t\t\t\t\t\t\t\t<h6><strong>PRATIQUE<\/strong><\/h6><p>L\u2019\u00e9cole de sport se d\u00e9roule les mercredis apr\u00e8s-midi de 13h30 \u00e0 16h30 de septembre \u00e0 d\u00e9cembre et de mars \u00e0 fin juin soit environ 25 entrainements sur l\u2019ann\u00e9e.<\/p><p>2 \u00e0 3 dimanches par an seront consacr\u00e9s \u00e0 des r\u00e9gates.<\/p><p><\/p><h6><strong>OBJECTIFS<\/strong><\/h6><p>Les participants ont pour but l\u2019apprentissage sur d\u00e9riveur avec une approche de la comp\u00e9tition.<\/p><p>Pour l\u2019entraineur, les enfants doivent apprendre la voile en se faisant plaisir tout en progressant et en ayant des r\u00e9sultats corrects sur les r\u00e9gates.<\/p>\t\t\t\t\t\t\t\t<\/div>\n\t\t\t\t<\/div>\n\t\t\t\t\t<\/div>\n\t\t<\/div>\n\t\t\t\t\t<\/div>\n\t\t<\/section>\n\t\t\t\t<section class=\"elementor-section elementor-top-section elementor-element elementor-element-c6bba20 elementor-section-boxed elementor-section-height-default elementor-section-height-default\" data-id=\"c6bba20\" data-element_type=\"section\">\n\t\t\t\t\t\t<div class=\"elementor-container elementor-column-gap-default\">\n\t\t\t\t\t<div class=\"elementor-column elementor-col-100 elementor-top-column elementor-element elementor-element-d0fab80\" data-id=\"d0fab80\" data-element_type=\"column\">\n\t\t\t<div class=\"elementor-widget-wrap elementor-element-populated\">\n\t\t\t\t\t\t<div class=\"elementor-element elementor-element-fa76ab4 elementor-widget elementor-widget-text-editor\" data-id=\"fa76ab4\" data-element_type=\"widget\" data-widget_type=\"text-editor.default\">\n\t\t\t\t<div class=\"elementor-widget-container\">\n\t\t\t\t\t\t\t\t\t<h6><strong>TARIFS<\/strong><\/h6><p>L\u2019ann\u00e9e d\u2019\u00c9cole de Sport Voile L\u00e9g\u00e8re co\u00fbte 240\u20ac + licence F\u00e9d\u00e9ration Fran\u00e7aise de Voile + cotisation au club.<\/p><p><a href=\"https:\/\/www.cvdieppe.fr\/wp-content\/uploads\/fiche_inscription-EDS-opto-2024-2025.pdf\">Dossier d&rsquo;inscription<\/a> \u00e0 compl\u00e9ter pour toute inscription.<\/p>\t\t\t\t\t\t\t\t<\/div>\n\t\t\t\t<\/div>\n\t\t\t\t\t<\/div>\n\t\t<\/div>\n\t\t\t\t\t<\/div>\n\t\t<\/section>\n\t\t\t\t<\/div>\n\t\t","protected":false},"excerpt":{"rendered":"<p>L\u2019\u00e9cole de sport voile l\u00e9g\u00e8re est d\u00e9di\u00e9e aux enfants de 7 \u00e0 13 ans sur Optimist. Elle se d\u00e9roule en bassin int\u00e9rieur (le bassin de Paris) et elle est encadr\u00e9e par un moniteur dipl\u00f4m\u00e9e d\u2019\u00c9tat. PRATIQUE L\u2019\u00e9cole de sport se d\u00e9roule les mercredis apr\u00e8s-midi de 13h30 \u00e0 16h30 de septembre [&hellip;]<\/p>\n","protected":false},"author":1,"featured_media":0,"parent":0,"menu_order":0,"comment_status":"closed","ping_status":"closed","template":"","meta":{"_seopress_robots_primary_cat":"","_seopress_titles_title":"","_seopress_titles_desc":"","_seopress_robots_index":"","_eb_attr":"","footnotes":""},"_links":{"self":[{"href":"https:\/\/www.cvdieppe.fr\/index.php?rest_route=\/wp\/v2\/pages\/85"}],"collection":[{"href":"https:\/\/www.cvdieppe.fr\/index.php?rest_route=\/wp\/v2\/pages"}],"about":[{"href":"https:\/\/www.cvdieppe.fr\/index.php?rest_route=\/wp\/v2\/types\/page"}],"author":[{"embeddable":true,"href":"https:\/\/www.cvdieppe.fr\/index.php?rest_route=\/wp\/v2\/users\/1"}],"replies":[{"embeddable":true,"href":"https:\/\/www.cvdieppe.fr\/index.php?rest_route=%2Fwp%2Fv2%2Fcomments&post=85"}],"version-history":[{"count":16,"href":"https:\/\/www.cvdieppe.fr\/index.php?rest_route=\/wp\/v2\/pages\/85\/revisions"}],"predecessor-version":[{"id":4114,"href":"https:\/\/www.cvdieppe.fr\/index.php?rest_route=\/wp\/v2\/pages\/85\/revisions\/4114"}],"wp:attachment":[{"href":"https:\/\/www.cvdieppe.fr\/index.php?rest_route=%2Fwp%2Fv2%2Fmedia&parent=85"}],"curies":[{"name":"wp","href":"https:\/\/api.w.org\/{rel}","templated":true}]}}