{"id":78,"date":"2018-04-05T10:25:36","date_gmt":"2018-04-05T08:25:36","guid":{"rendered":"http:\/\/www.cvdieppe.fr\/?page_id=78"},"modified":"2025-11-16T11:01:02","modified_gmt":"2025-11-16T10:01:02","slug":"ecole-de-sport-habitable","status":"publish","type":"page","link":"https:\/\/www.cvdieppe.fr\/?page_id=78","title":{"rendered":"\u00c9cole de Sport Habitable"},"content":{"rendered":"\t\t<div data-elementor-type=\"wp-post\" data-elementor-id=\"78\" class=\"elementor elementor-78\">\n\t\t\t\t\t\t<section class=\"elementor-section elementor-top-section elementor-element elementor-element-fb02866 elementor-section-boxed elementor-section-height-default elementor-section-height-default\" data-id=\"fb02866\" data-element_type=\"section\">\n\t\t\t\t\t\t<div class=\"elementor-container elementor-column-gap-default\">\n\t\t\t\t\t<div class=\"elementor-column elementor-col-100 elementor-top-column elementor-element elementor-element-6538dcf\" data-id=\"6538dcf\" data-element_type=\"column\">\n\t\t\t<div class=\"elementor-widget-wrap elementor-element-populated\">\n\t\t\t\t\t\t<div class=\"elementor-element elementor-element-21d8f7a elementor-widget elementor-widget-text-editor\" data-id=\"21d8f7a\" data-element_type=\"widget\" data-widget_type=\"text-editor.default\">\n\t\t\t\t<div class=\"elementor-widget-container\">\n\t\t\t\t\t\t\t\t\t<p><span>L\u2019\u00e9cole de sport habitable est d\u00e9di\u00e9e aux adultes \u00e0 partir de 18 ans. Elle se d\u00e9roule en mer sur des voiliers de 9.5 m : les Grand-surprises.<\/span><\/p>\t\t\t\t\t\t\t\t<\/div>\n\t\t\t\t<\/div>\n\t\t\t\t\t<\/div>\n\t\t<\/div>\n\t\t\t\t\t<\/div>\n\t\t<\/section>\n\t\t\t\t<section class=\"elementor-section elementor-top-section elementor-element elementor-element-2e243a9 elementor-section-boxed elementor-section-height-default elementor-section-height-default\" data-id=\"2e243a9\" data-element_type=\"section\">\n\t\t\t\t\t\t<div class=\"elementor-container elementor-column-gap-default\">\n\t\t\t\t\t<div class=\"elementor-column elementor-col-100 elementor-top-column elementor-element elementor-element-170cf5a\" data-id=\"170cf5a\" data-element_type=\"column\">\n\t\t\t<div class=\"elementor-widget-wrap elementor-element-populated\">\n\t\t\t\t\t\t<div class=\"elementor-element elementor-element-2421fa8 elementor-widget elementor-widget-image\" data-id=\"2421fa8\" data-element_type=\"widget\" data-widget_type=\"image.default\">\n\t\t\t\t<div class=\"elementor-widget-container\">\n\t\t\t\t\t\t\t\t\t\t\t\t\t\t\t<img fetchpriority=\"high\" decoding=\"async\" width=\"750\" height=\"563\" src=\"https:\/\/www.cvdieppe.fr\/wp-content\/uploads\/WhatsApp-Image-2025-03-08-a-20.06.09_be155a62-1024x768.jpg\" class=\"attachment-large size-large wp-image-4299\" alt=\"\" srcset=\"https:\/\/www.cvdieppe.fr\/wp-content\/uploads\/WhatsApp-Image-2025-03-08-a-20.06.09_be155a62-1024x768.jpg 1024w, https:\/\/www.cvdieppe.fr\/wp-content\/uploads\/WhatsApp-Image-2025-03-08-a-20.06.09_be155a62-300x225.jpg 300w, https:\/\/www.cvdieppe.fr\/wp-content\/uploads\/WhatsApp-Image-2025-03-08-a-20.06.09_be155a62-768x576.jpg 768w, https:\/\/www.cvdieppe.fr\/wp-content\/uploads\/WhatsApp-Image-2025-03-08-a-20.06.09_be155a62-1536x1152.jpg 1536w, https:\/\/www.cvdieppe.fr\/wp-content\/uploads\/WhatsApp-Image-2025-03-08-a-20.06.09_be155a62.jpg 1600w\" sizes=\"(max-width: 750px) 100vw, 750px\" \/>\t\t\t\t\t\t\t\t\t\t\t\t\t\t\t<\/div>\n\t\t\t\t<\/div>\n\t\t\t\t\t<\/div>\n\t\t<\/div>\n\t\t\t\t\t<\/div>\n\t\t<\/section>\n\t\t\t\t<section class=\"elementor-section elementor-top-section elementor-element elementor-element-f3fb20d elementor-section-boxed elementor-section-height-default elementor-section-height-default\" data-id=\"f3fb20d\" data-element_type=\"section\">\n\t\t\t\t\t\t<div class=\"elementor-container elementor-column-gap-default\">\n\t\t\t\t\t<div class=\"elementor-column elementor-col-100 elementor-top-column elementor-element elementor-element-35a4a1d\" data-id=\"35a4a1d\" data-element_type=\"column\">\n\t\t\t<div class=\"elementor-widget-wrap elementor-element-populated\">\n\t\t\t\t\t\t<div class=\"elementor-element elementor-element-ecc00c0 elementor-widget elementor-widget-text-editor\" data-id=\"ecc00c0\" data-element_type=\"widget\" data-widget_type=\"text-editor.default\">\n\t\t\t\t<div class=\"elementor-widget-container\">\n\t\t\t\t\t\t\t\t\t<div data-id=\"32lf151\" class=\"elementor-element elementor-element-32lf151 elementor-widget elementor-widget-text-editor\" data-element_type=\"text-editor.default\"><div class=\"elementor-widget-container\"><div class=\"elementor-text-editor elementor-clearfix\"><h6><strong>PRATIQUE<\/strong><\/h6><p>L\u2019\u00e9cole de sport se d\u00e9roule deux samedis par mois de 9h30 \u00e0 17h de septembre \u00e0 juin avec une coupure hivernale de mi-d\u00e9cembre \u00e0 mi-janvier, soit environ 20 entrainements sur l\u2019ann\u00e9e.<\/p><p>Un dimanche par mois est consacr\u00e9 aux r\u00e9gates du club.<\/p><\/div><\/div><\/div><div data-id=\"k50nvm8\" class=\"elementor-element elementor-element-k50nvm8 elementor-widget elementor-widget-text-editor\" data-element_type=\"text-editor.default\"><div class=\"elementor-widget-container\"><div class=\"elementor-text-editor elementor-clearfix\"><h6><strong>OBJECTIFS<\/strong><\/h6><p>Les participants ont pour but l\u2019apprentissage de la voile avec une approche de la comp\u00e9tition (gr\u00e2ce \u00e0 la participation aux r\u00e9gates) ainsi que les manoeuvres en \u00e9quipage et l\u2019entretien des bateaux.<\/p><p>Pour l\u2019entraineur, les stagiaires doivent apprendre la voile en se faisant plaisir tout en progressant et en ayant des r\u00e9sultats corrects sur les r\u00e9gates.<\/p><\/div><\/div><\/div>\t\t\t\t\t\t\t\t<\/div>\n\t\t\t\t<\/div>\n\t\t\t\t\t<\/div>\n\t\t<\/div>\n\t\t\t\t\t<\/div>\n\t\t<\/section>\n\t\t\t\t<section class=\"elementor-section elementor-top-section elementor-element elementor-element-6c04f78 elementor-section-boxed elementor-section-height-default elementor-section-height-default\" data-id=\"6c04f78\" data-element_type=\"section\">\n\t\t\t\t\t\t<div class=\"elementor-container elementor-column-gap-default\">\n\t\t\t\t\t<div class=\"elementor-column elementor-col-100 elementor-top-column elementor-element elementor-element-741b4c6\" data-id=\"741b4c6\" data-element_type=\"column\">\n\t\t\t<div class=\"elementor-widget-wrap elementor-element-populated\">\n\t\t\t\t\t\t<div class=\"elementor-element elementor-element-ab1ec61 elementor-widget elementor-widget-text-editor\" data-id=\"ab1ec61\" data-element_type=\"widget\" data-widget_type=\"text-editor.default\">\n\t\t\t\t<div class=\"elementor-widget-container\">\n\t\t\t\t\t\t\t\t\t<h6><strong>TARIFS<\/strong><\/h6><p><span style=\"font-size: inherit;\">Ce tarif comprend les entrainements, les inscriptions aux r\u00e9gates du Cercle de la Voile de Dieppe, la licence et l\u2019adh\u00e9sion \u00e0 l\u2019association.<\/span><\/p><p><span style=\"font-size: inherit;\"><b>850 euros d&rsquo;inscription + 75 euros de cotisation club + 72 euros de licence FFV 2026<\/b><\/span><\/p>\t\t\t\t\t\t\t\t<\/div>\n\t\t\t\t<\/div>\n\t\t\t\t\t<\/div>\n\t\t<\/div>\n\t\t\t\t\t<\/div>\n\t\t<\/section>\n\t\t\t\t<\/div>\n\t\t","protected":false},"excerpt":{"rendered":"<p>L\u2019\u00e9cole de sport habitable est d\u00e9di\u00e9e aux adultes \u00e0 partir de 18 ans. Elle se d\u00e9roule en mer sur des voiliers de 9.5 m : les Grand-surprises. PRATIQUE L\u2019\u00e9cole de sport se d\u00e9roule deux samedis par mois de 9h30 \u00e0 17h de septembre \u00e0 juin avec une coupure hivernale de [&hellip;]<\/p>\n","protected":false},"author":1,"featured_media":0,"parent":0,"menu_order":0,"comment_status":"closed","ping_status":"closed","template":"","meta":{"_seopress_robots_primary_cat":"","_seopress_titles_title":"","_seopress_titles_desc":"","_seopress_robots_index":"","_eb_attr":"","footnotes":""},"_links":{"self":[{"href":"https:\/\/www.cvdieppe.fr\/index.php?rest_route=\/wp\/v2\/pages\/78"}],"collection":[{"href":"https:\/\/www.cvdieppe.fr\/index.php?rest_route=\/wp\/v2\/pages"}],"about":[{"href":"https:\/\/www.cvdieppe.fr\/index.php?rest_route=\/wp\/v2\/types\/page"}],"author":[{"embeddable":true,"href":"https:\/\/www.cvdieppe.fr\/index.php?rest_route=\/wp\/v2\/users\/1"}],"replies":[{"embeddable":true,"href":"https:\/\/www.cvdieppe.fr\/index.php?rest_route=%2Fwp%2Fv2%2Fcomments&post=78"}],"version-history":[{"count":23,"href":"https:\/\/www.cvdieppe.fr\/index.php?rest_route=\/wp\/v2\/pages\/78\/revisions"}],"predecessor-version":[{"id":4302,"href":"https:\/\/www.cvdieppe.fr\/index.php?rest_route=\/wp\/v2\/pages\/78\/revisions\/4302"}],"wp:attachment":[{"href":"https:\/\/www.cvdieppe.fr\/index.php?rest_route=%2Fwp%2Fv2%2Fmedia&parent=78"}],"curies":[{"name":"wp","href":"https:\/\/api.w.org\/{rel}","templated":true}]}}