{"id":62,"date":"2018-04-05T10:00:57","date_gmt":"2018-04-05T08:00:57","guid":{"rendered":"http:\/\/www.cvdieppe.fr\/?page_id=62"},"modified":"2026-02-23T11:31:34","modified_gmt":"2026-02-23T10:31:34","slug":"permis-cotier","status":"publish","type":"page","link":"https:\/\/www.cvdieppe.fr\/?page_id=62","title":{"rendered":"Permis C\u00f4tier"},"content":{"rendered":"\t\t<div data-elementor-type=\"wp-post\" data-elementor-id=\"62\" class=\"elementor elementor-62\">\n\t\t\t\t\t\t<section class=\"elementor-section elementor-top-section elementor-element elementor-element-6da1d622 elementor-section-boxed elementor-section-height-default elementor-section-height-default\" data-id=\"6da1d622\" data-element_type=\"section\">\n\t\t\t\t\t\t<div class=\"elementor-container elementor-column-gap-default\">\n\t\t\t\t\t<div class=\"elementor-column elementor-col-100 elementor-top-column elementor-element elementor-element-5a79ee1d\" data-id=\"5a79ee1d\" data-element_type=\"column\">\n\t\t\t<div class=\"elementor-widget-wrap elementor-element-populated\">\n\t\t\t\t\t\t<div class=\"elementor-element elementor-element-65d1c5d5 elementor-widget elementor-widget-text-editor\" data-id=\"65d1c5d5\" data-element_type=\"widget\" data-widget_type=\"text-editor.default\">\n\t\t\t\t<div class=\"elementor-widget-container\">\n\t\t\t\t\t\t\t\t\t<p>Le Cercle de la Voile de Dieppe est centre agr\u00e9\u00e9 sous le n\u00b0076020\/2011 pour les permis mer.\u00a0<\/p>\n<p>Indispensable pour la conduite des bateaux \u00e0 moteurs de plus de 6 cv et tr\u00e8s souvent demand\u00e9 pour la location de voiliers \u00e0 l\u2019\u00e9tranger, le permis c\u00f4tier vous initie au code maritime et vous donne la m\u00e9thode de prise en main d\u2019un bateau \u00e0 moteur.\u00a0<\/p>\n<p><b style=\"font-size: revert; color: initial;\">PRATIQUE<\/b><\/p>\n<section data-id=\"cpv1co6\" data-element_type=\"section\">\n<h6>La formation th\u00e9orique se d\u00e9roule sur un dimanche, de 9h \u00e0 17h30 dans nos locaux du bassin de Paris avec une heure de pause pour le repas et vous pr\u00e9pare \u00e0 l\u2019examen du code maritime qui se passe en Centre Agr\u00e9e comme pour le permis voiture ou moto. Plusieurs centres sont pr\u00e9sents sur le D\u00e9partement (Rouen, Le Havre, Dieppe, Yvetot, Forges les Eaux&#8230;)<\/h6>\n<p>La formation pratique se d\u00e9roule quant \u00e0 elle sur une demie journ\u00e9e et est valid\u00e9e directement par le formateur si vous avez atteint le niveau demand\u00e9. La pratique se d\u00e9roulera en mer si les conditions m\u00e9t\u00e9o permettent la navigation ou dans le port dans une zone ou vous aurez un minimum de courant et de clapot afin de vous apprendre \u00e0 g\u00e9rer ces deux \u00e9l\u00e9ments importants \u00e0 la navigation.<\/p>\n<\/section>\n<p><img fetchpriority=\"high\" decoding=\"async\" width=\"629\" height=\"839\" src=\"https:\/\/www.cvdieppe.fr\/wp-content\/uploads\/IMG_20190205_154534vs2-768x1024.jpg\" alt=\"\" srcset=\"https:\/\/www.cvdieppe.fr\/wp-content\/uploads\/IMG_20190205_154534vs2-768x1024.jpg 768w, https:\/\/www.cvdieppe.fr\/wp-content\/uploads\/IMG_20190205_154534vs2-225x300.jpg 225w, https:\/\/www.cvdieppe.fr\/wp-content\/uploads\/IMG_20190205_154534vs2.jpg 1437w\" sizes=\"(max-width: 750px) 100vw, 750px\" class=\"aligncenter\" \/><\/p>\n<p><b>TARIFS<\/b><\/p>\n<h6>Le permis c\u00f4tier est au prix de 340 \u20ac livrets de formation inclus, auxquels il faut ajouter le timbre fiscal \u00e0 78 \u20ac et ajouter 30\u20ac pour le passage de l&rsquo;examen th\u00e9orique.<\/h6>\n<p>Ce prix comprend les journ\u00e9es de formation (th\u00e9orique et pratique) ainsi que les livrets de formation.<\/p>\n<p><b>SESSIONS 2026 DE LA FORMATION TH\u00c9ORIQUE<\/b><\/p>\n<ul>\n<li>1er ou 15 f\u00e9vrier<\/li>\n<li>22 mars<\/li>\n<li>5 ou 19 avril<\/li>\n<li>3 ou 24 mai<\/li>\n<li>7 ou 21 juin<\/li>\n<li>5 juillet<\/li>\n<li>2 ou 16 ou 30 aout<\/li>\n<li>13 ou 27 septembre<\/li>\n<li>11 ou 25 octobre<\/li>\n<li>8 ou 22 novembre<\/li>\n<\/ul>\n<p>Pour vous inscrire, contactez-nous par mail contact@cvdieppe.fr pour r\u00e9server votre place et ensuite vous pouvez compl\u00e9ter le dossier d&rsquo;inscription ci-dessous. Vous pouvez r\u00e9server votre place en ligne gr\u00e2ce au bouton ci-dessous.<\/p>\n<ul>\n<li><a href=\"https:\/\/www.cvdieppe.fr\/wp-content\/uploads\/permis-2026.pdf\">Fiche d&rsquo;inscription CVD<\/a><\/li>\n<li><a href=\"https:\/\/www.cvdieppe.fr\/wp-content\/uploads\/cerfa_PERMIS-COTIER-1.pdf\">Cerfa Permis<\/a><\/li>\n<li><a href=\"https:\/\/www.cvdieppe.fr\/wp-content\/uploads\/CERTIFICAT-MEDICAL-COTIER.pdf\">Cerfa Certificat M\u00e9dical<\/a><\/li>\n<li><a href=\"https:\/\/www.cvdieppe.fr\/wp-content\/uploads\/Contrat-formation-permis.pdf\">Contrat de formation<\/a><\/li>\n<\/ul>\n<p><iframe loading=\"lazy\" src=\"https:\/\/maps.google.com\/maps?q=Cercle%20de%20la%20Voile%20de%20Dieppe%20-%20Bassin%20de%20Paris&amp;t=m&amp;z=14&amp;output=embed&amp;iwloc=near\" title=\"Cercle de la Voile de Dieppe - Bassin de Paris\" aria-label=\"Cercle de la Voile de Dieppe - Bassin de Paris\"><\/iframe><\/p>\n<p><\/p>\n<div class=\"wp-block-essential-blocks-button\">\n<div class=\"eb-parent-wrapper eb-parent-eb-button-vmw0h \">\n<div class=\"eb-button-wrapper eb-button-alignment eb-button-vmw0h\">\n<div class=\"eb-button\"><a class=\"eb-button-anchor hvr-grow\" href=\"https:\/\/cvdieppe.axyomes.com\/client\/3-1.php?0bdbf1a61935ac858d68152f8ce6aeb8=1729679043\" target=\"_blank\" rel=\"noopener\">R\u00e9servez en ligne<\/a><\/div>\n<\/div>\n<\/div>\n<\/div>\n<p><\/p>\t\t\t\t\t\t\t\t<\/div>\n\t\t\t\t<\/div>\n\t\t\t\t\t<\/div>\n\t\t<\/div>\n\t\t\t\t\t<\/div>\n\t\t<\/section>\n\t\t\t\t<section class=\"elementor-section elementor-top-section elementor-element elementor-element-83e18b1 elementor-section-boxed elementor-section-height-default elementor-section-height-default\" data-id=\"83e18b1\" data-element_type=\"section\">\n\t\t\t\t\t\t<div class=\"elementor-container elementor-column-gap-default\">\n\t\t\t\t\t<div class=\"elementor-column elementor-col-100 elementor-top-column elementor-element elementor-element-b02ef5a\" data-id=\"b02ef5a\" data-element_type=\"column\">\n\t\t\t<div class=\"elementor-widget-wrap elementor-element-populated\">\n\t\t\t\t\t\t<div class=\"elementor-element elementor-element-e3df232 elementor-widget elementor-widget-image\" data-id=\"e3df232\" data-element_type=\"widget\" data-widget_type=\"image.default\">\n\t\t\t\t<div class=\"elementor-widget-container\">\n\t\t\t\t\t\t\t\t\t\t\t\t\t\t\t<img decoding=\"async\" src=\"https:\/\/www.cvdieppe.fr\/wp-content\/plugins\/elementor\/assets\/images\/placeholder.png\" title=\"\" alt=\"\" loading=\"lazy\" \/>\t\t\t\t\t\t\t\t\t\t\t\t\t\t\t<\/div>\n\t\t\t\t<\/div>\n\t\t\t\t\t<\/div>\n\t\t<\/div>\n\t\t\t\t\t<\/div>\n\t\t<\/section>\n\t\t\t\t<\/div>\n\t\t","protected":false},"excerpt":{"rendered":"<p>Le Cercle de la Voile de Dieppe est centre agr\u00e9\u00e9 sous le n\u00b0076020\/2011 pour les permis mer.\u00a0 Indispensable pour la conduite des bateaux \u00e0 moteurs de plus de 6 cv et tr\u00e8s souvent demand\u00e9 pour la location de voiliers \u00e0 l\u2019\u00e9tranger, le permis c\u00f4tier vous initie au code maritime et [&hellip;]<\/p>\n","protected":false},"author":1,"featured_media":0,"parent":0,"menu_order":0,"comment_status":"closed","ping_status":"closed","template":"","meta":{"_seopress_robots_primary_cat":"","_seopress_titles_title":"","_seopress_titles_desc":"","_seopress_robots_index":"","_eb_attr":"","footnotes":""},"_links":{"self":[{"href":"https:\/\/www.cvdieppe.fr\/index.php?rest_route=\/wp\/v2\/pages\/62"}],"collection":[{"href":"https:\/\/www.cvdieppe.fr\/index.php?rest_route=\/wp\/v2\/pages"}],"about":[{"href":"https:\/\/www.cvdieppe.fr\/index.php?rest_route=\/wp\/v2\/types\/page"}],"author":[{"embeddable":true,"href":"https:\/\/www.cvdieppe.fr\/index.php?rest_route=\/wp\/v2\/users\/1"}],"replies":[{"embeddable":true,"href":"https:\/\/www.cvdieppe.fr\/index.php?rest_route=%2Fwp%2Fv2%2Fcomments&post=62"}],"version-history":[{"count":109,"href":"https:\/\/www.cvdieppe.fr\/index.php?rest_route=\/wp\/v2\/pages\/62\/revisions"}],"predecessor-version":[{"id":4464,"href":"https:\/\/www.cvdieppe.fr\/index.php?rest_route=\/wp\/v2\/pages\/62\/revisions\/4464"}],"wp:attachment":[{"href":"https:\/\/www.cvdieppe.fr\/index.php?rest_route=%2Fwp%2Fv2%2Fmedia&parent=62"}],"curies":[{"name":"wp","href":"https:\/\/api.w.org\/{rel}","templated":true}]}}