{"id":54,"date":"2018-04-05T09:51:50","date_gmt":"2018-04-05T07:51:50","guid":{"rendered":"http:\/\/www.cvdieppe.fr\/?page_id=54"},"modified":"2025-11-27T10:35:55","modified_gmt":"2025-11-27T09:35:55","slug":"stages-vacances-enfant-et-ados","status":"publish","type":"page","link":"https:\/\/www.cvdieppe.fr\/?page_id=54","title":{"rendered":"Stage optimist\/funboat \u00e0 partir de 7 ans"},"content":{"rendered":"<p>Retrouvez ci-dessous le calendrier 2026 pour les enfants et ados.<\/p>\n<p>Pendant les vacances, des stages d\u2019Optimist et Funboat sont propos\u00e9s en stages sur 5 demi-journ\u00e9es par semaine. Les stages se d\u00e9roulent le matin (9h30-12h) ou l&rsquo;apr\u00e8s-midi (14h \u00e0 16h30) en fonction des semaines.<\/p>\n<p>Ces stages se d\u00e9roulent dans le bassin de Paris et sont encadr\u00e9s par un moniteur dipl\u00f4m\u00e9. Ils permettent une premi\u00e8re approche de la voile aussi bien que du perfectionnement.<\/p>\n<p><strong>\u00a0<\/strong><\/p>\n<p><strong>Dates des vacances de P\u00e2ques :\u00a0<\/strong><\/p>\n<p>13 au 17 avril 2026 de 14h \u00e0 16h30.<\/p>\n<h5><\/h5>\n<h4 style=\"font-size: 14px;\">Dates des vacances d&rsquo;\u00e9t\u00e9 2026 (OPTIMIST- FUNBOAT) POUR LES 7-13 ANS)<\/h4>\n<h4 style=\"font-size: 14px;\">\u00a0 \u00a0 \u00a0<\/h4>\n<h4 style=\"font-size: 14px;\"><strong>Du 13 au 17 juillet de <span style=\"color: #000000;\">14h00 \u00e0 16h30 sauf le jeudi et vendredi de 9h30 \u00e0 12h00<\/span><\/strong><\/h4>\n<h4 style=\"font-size: 14px;\"><strong>Du 20 au 24 juillet de <span style=\"color: #000000;\">9h30 \u00e0 12h00<\/span>\u00a0 \u00a0 \u00a0 \u00a0 \u00a0 \u00a0\u00a0<\/strong><\/h4>\n<h4 style=\"font-size: 14px;\"><strong>\u00a0Du 27 au 31 juillet\u00a0 <span style=\"color: #000000;\">14h00 \u00e0 16h30 sauf le vendredi de 14h30 \u00e0 17h00<\/span><\/strong><\/h4>\n<h4 style=\"font-size: 14px;\"><strong>Du 3 au 7 aout de <span style=\"color: #000000;\">9h30 \u00e0 12h00<\/span>\u00a0<\/strong><\/h4>\n<h4 style=\"font-size: 14px;\"><strong>Du 10 au 14 aout de <span style=\"color: #000000;\">14h00 \u00e0 16h30<\/span> <\/strong><\/h4>\n<h4 style=\"font-size: 14px;\"><strong>Du 17 au 21 aout de <span style=\"color: #000000;\">9h30 \u00e0 12h00<\/span><\/strong><\/h4>\n<h4 style=\"font-size: 14px;\"><strong>Du 24 au 28 aout de <span style=\"color: #000000;\">13h30 \u00e0 16h00<\/span><\/strong><strong style=\"font-family: var( --e-global-typography-text-font-family ), Sans-serif;\"><br \/><\/strong><\/h4>\n<h5 style=\"font-size: 14px;\"><strong style=\"font-family: var( --e-global-typography-text-font-family ), Sans-serif;\">\u00a0<\/strong><\/h5>\n<h5 style=\"font-size: 14px;\"><strong>TARIF 138 \u20ac la semaine + 14,50 \u20ac pour le passeport voile<\/strong><strong>.<\/strong><\/h5>\n<h5 style=\"font-size: 14px;\"><strong> <span>Pour vous inscrire, contactez-nous par mail contact@cvdieppe.fr pour r\u00e9server votre place et vous pouvez\u00a0 r\u00e9server en ligne gr\u00e2ce au bouton ci-dessous.<\/span><\/strong><\/h5>\n\n\n<div class=\"wp-block-essential-blocks-button\"><div class=\"eb-parent-wrapper eb-parent-eb-button-vmw0h \"><div class=\"eb-button-wrapper eb-button-alignment eb-button-vmw0h\"><div class=\"eb-button\"><a class=\"eb-button-anchor hvr-grow\" href=\"https:\/\/cvdieppe.axyomes.com\/client\/1-1.php\" target=\"_blank\" rel=\"noopener\">R\u00e9servez en ligne<\/a><\/div><\/div><\/div><\/div>\n","protected":false},"excerpt":{"rendered":"<p>Retrouvez ci-dessous le calendrier 2026 pour les enfants et ados. Pendant les vacances, des stages d\u2019Optimist et Funboat sont propos\u00e9s en stages sur 5 demi-journ\u00e9es par semaine. Les stages se d\u00e9roulent le matin (9h30-12h) ou l&rsquo;apr\u00e8s-midi (14h \u00e0 16h30) en fonction des semaines. Ces stages se d\u00e9roulent dans le bassin [&hellip;]<\/p>\n","protected":false},"author":1,"featured_media":3698,"parent":0,"menu_order":0,"comment_status":"closed","ping_status":"closed","template":"","meta":{"_seopress_robots_primary_cat":"","_seopress_titles_title":"","_seopress_titles_desc":"","_seopress_robots_index":"","_eb_attr":"","footnotes":""},"_links":{"self":[{"href":"https:\/\/www.cvdieppe.fr\/index.php?rest_route=\/wp\/v2\/pages\/54"}],"collection":[{"href":"https:\/\/www.cvdieppe.fr\/index.php?rest_route=\/wp\/v2\/pages"}],"about":[{"href":"https:\/\/www.cvdieppe.fr\/index.php?rest_route=\/wp\/v2\/types\/page"}],"author":[{"embeddable":true,"href":"https:\/\/www.cvdieppe.fr\/index.php?rest_route=\/wp\/v2\/users\/1"}],"replies":[{"embeddable":true,"href":"https:\/\/www.cvdieppe.fr\/index.php?rest_route=%2Fwp%2Fv2%2Fcomments&post=54"}],"version-history":[{"count":81,"href":"https:\/\/www.cvdieppe.fr\/index.php?rest_route=\/wp\/v2\/pages\/54\/revisions"}],"predecessor-version":[{"id":4384,"href":"https:\/\/www.cvdieppe.fr\/index.php?rest_route=\/wp\/v2\/pages\/54\/revisions\/4384"}],"wp:featuredmedia":[{"embeddable":true,"href":"https:\/\/www.cvdieppe.fr\/index.php?rest_route=\/wp\/v2\/media\/3698"}],"wp:attachment":[{"href":"https:\/\/www.cvdieppe.fr\/index.php?rest_route=%2Fwp%2Fv2%2Fmedia&parent=54"}],"curies":[{"name":"wp","href":"https:\/\/api.w.org\/{rel}","templated":true}]}}