{"id":50,"date":"2018-04-05T09:48:33","date_gmt":"2018-04-05T07:48:33","guid":{"rendered":"http:\/\/www.cvdieppe.fr\/?page_id=50"},"modified":"2019-02-18T15:49:31","modified_gmt":"2019-02-18T14:49:31","slug":"handivoile","status":"publish","type":"page","link":"https:\/\/www.cvdieppe.fr\/?page_id=50","title":{"rendered":"Handivoile"},"content":{"rendered":"\t\t<div data-elementor-type=\"wp-post\" data-elementor-id=\"50\" class=\"elementor elementor-50 elementor-bc-flex-widget\">\n\t\t\t\t\t\t<section class=\"elementor-section elementor-top-section elementor-element elementor-element-44f08e9 elementor-section-content-middle elementor-section-boxed elementor-section-height-default elementor-section-height-default\" data-id=\"44f08e9\" data-element_type=\"section\">\n\t\t\t\t\t\t<div class=\"elementor-container elementor-column-gap-default\">\n\t\t\t\t\t<div class=\"elementor-column elementor-col-50 elementor-top-column elementor-element elementor-element-6ef605f\" data-id=\"6ef605f\" data-element_type=\"column\">\n\t\t\t<div class=\"elementor-widget-wrap elementor-element-populated\">\n\t\t\t\t\t\t<div class=\"elementor-element elementor-element-a2fdfc1 elementor-widget elementor-widget-image\" data-id=\"a2fdfc1\" data-element_type=\"widget\" data-widget_type=\"image.default\">\n\t\t\t\t<div class=\"elementor-widget-container\">\n\t\t\t\t\t\t\t\t\t\t\t\t\t\t\t<img fetchpriority=\"high\" decoding=\"async\" width=\"750\" height=\"569\" src=\"https:\/\/www.cvdieppe.fr\/wp-content\/uploads\/2018\/04\/han.png\" class=\"attachment-large size-large wp-image-51\" alt=\"\" srcset=\"https:\/\/www.cvdieppe.fr\/wp-content\/uploads\/2018\/04\/han.png 974w, https:\/\/www.cvdieppe.fr\/wp-content\/uploads\/2018\/04\/han-300x228.png 300w, https:\/\/www.cvdieppe.fr\/wp-content\/uploads\/2018\/04\/han-768x583.png 768w\" sizes=\"(max-width: 750px) 100vw, 750px\" \/>\t\t\t\t\t\t\t\t\t\t\t\t\t\t\t<\/div>\n\t\t\t\t<\/div>\n\t\t\t\t\t<\/div>\n\t\t<\/div>\n\t\t\t\t<div class=\"elementor-column elementor-col-50 elementor-top-column elementor-element elementor-element-be65963\" data-id=\"be65963\" data-element_type=\"column\">\n\t\t\t<div class=\"elementor-widget-wrap elementor-element-populated\">\n\t\t\t\t\t\t<div class=\"elementor-element elementor-element-e9e9124 elementor-widget elementor-widget-text-editor\" data-id=\"e9e9124\" data-element_type=\"widget\" data-widget_type=\"text-editor.default\">\n\t\t\t\t<div class=\"elementor-widget-container\">\n\t\t\t\t\t\t\t\t\t<p><span>Depuis maintenant 4 ans, le CVD est un club labellis\u00e9 \u00ab\u00a0 sport et handicap\u00a0\u00bb, et pour la 3\u00e8me ann\u00e9e cons\u00e9cutive, l\u2019APEI lui fait confiance et ce sont 4 adolescents (ainsi que leur \u00e9ducateur) du \u00ab\u00a0Ch\u00e2teau Blanc\u00a0\u00bb de Arques la bataille qui naviguent une fois par semaine.\u00a0<\/span><\/p>\t\t\t\t\t\t\t\t<\/div>\n\t\t\t\t<\/div>\n\t\t\t\t\t<\/div>\n\t\t<\/div>\n\t\t\t\t\t<\/div>\n\t\t<\/section>\n\t\t\t\t<section class=\"elementor-section elementor-top-section elementor-element elementor-element-9d09755 elementor-section-boxed elementor-section-height-default elementor-section-height-default\" data-id=\"9d09755\" data-element_type=\"section\">\n\t\t\t\t\t\t<div class=\"elementor-container elementor-column-gap-default\">\n\t\t\t\t\t<div class=\"elementor-column elementor-col-100 elementor-top-column elementor-element elementor-element-34d88de\" data-id=\"34d88de\" data-element_type=\"column\">\n\t\t\t<div class=\"elementor-widget-wrap elementor-element-populated\">\n\t\t\t\t\t\t<div class=\"elementor-element elementor-element-2a3ed38 elementor-widget elementor-widget-text-editor\" data-id=\"2a3ed38\" data-element_type=\"widget\" data-widget_type=\"text-editor.default\">\n\t\t\t\t<div class=\"elementor-widget-container\">\n\t\t\t\t\t\t\t\t\t<p>Le programme se d\u00e9cline en une quinzaine de s\u00e9ances avec le m\u00eame \u00e9quipage au cours d\u2019une ann\u00e9e. L\u2019objectif est une relative autonomie sur un voilier de 9 m\u00e8tres ainsi qu\u2019une connaissance du patrimoine maritime dieppois, et du monde maritime en g\u00e9n\u00e9rale.<br \/>La priorit\u00e9 est la navigation\u00a0; cependant quand la m\u00e9t\u00e9o l\u2019emp\u00eache, la s\u00e9ance peut se d\u00e9cliner en une visite du canot de la SNSM, la visite d\u2019une voilerie, une observation des animaux marins, la constitution des falaises etc\u00a0\u2026<\/p><p>Ce programme leur permet en plus d\u2019acqu\u00e9rir des connaissances voilistiques et maritimes de gagner en confiance en soi, et de quitter quelques instants leur soucis de terriens.<\/p><p>J.B. Clet<\/p>\t\t\t\t\t\t\t\t<\/div>\n\t\t\t\t<\/div>\n\t\t\t\t\t<\/div>\n\t\t<\/div>\n\t\t\t\t\t<\/div>\n\t\t<\/section>\n\t\t\t\t<\/div>\n\t\t","protected":false},"excerpt":{"rendered":"<p>Depuis maintenant 4 ans, le CVD est un club labellis\u00e9 \u00ab\u00a0 sport et handicap\u00a0\u00bb, et pour la 3\u00e8me ann\u00e9e cons\u00e9cutive, l\u2019APEI lui fait confiance et ce sont 4 adolescents (ainsi que leur \u00e9ducateur) du \u00ab\u00a0Ch\u00e2teau Blanc\u00a0\u00bb de Arques la bataille qui naviguent une fois par semaine.\u00a0 Le programme se d\u00e9cline [&hellip;]<\/p>\n","protected":false},"author":1,"featured_media":0,"parent":0,"menu_order":0,"comment_status":"closed","ping_status":"closed","template":"","meta":{"_seopress_robots_primary_cat":"","_seopress_titles_title":"","_seopress_titles_desc":"","_seopress_robots_index":"","_eb_attr":"","footnotes":""},"_links":{"self":[{"href":"https:\/\/www.cvdieppe.fr\/index.php?rest_route=\/wp\/v2\/pages\/50"}],"collection":[{"href":"https:\/\/www.cvdieppe.fr\/index.php?rest_route=\/wp\/v2\/pages"}],"about":[{"href":"https:\/\/www.cvdieppe.fr\/index.php?rest_route=\/wp\/v2\/types\/page"}],"author":[{"embeddable":true,"href":"https:\/\/www.cvdieppe.fr\/index.php?rest_route=\/wp\/v2\/users\/1"}],"replies":[{"embeddable":true,"href":"https:\/\/www.cvdieppe.fr\/index.php?rest_route=%2Fwp%2Fv2%2Fcomments&post=50"}],"version-history":[{"count":4,"href":"https:\/\/www.cvdieppe.fr\/index.php?rest_route=\/wp\/v2\/pages\/50\/revisions"}],"predecessor-version":[{"id":1021,"href":"https:\/\/www.cvdieppe.fr\/index.php?rest_route=\/wp\/v2\/pages\/50\/revisions\/1021"}],"wp:attachment":[{"href":"https:\/\/www.cvdieppe.fr\/index.php?rest_route=%2Fwp%2Fv2%2Fmedia&parent=50"}],"curies":[{"name":"wp","href":"https:\/\/api.w.org\/{rel}","templated":true}]}}