{"id":4002,"date":"2024-10-23T13:50:08","date_gmt":"2024-10-23T11:50:08","guid":{"rendered":"https:\/\/www.cvdieppe.fr\/?page_id=4002"},"modified":"2024-10-23T14:32:02","modified_gmt":"2024-10-23T12:32:02","slug":"stage-moussaillons-6-8-ans-en-optimist","status":"publish","type":"page","link":"https:\/\/www.cvdieppe.fr\/?page_id=4002","title":{"rendered":"Stage Moussaillons 6-8 ans en optimist"},"content":{"rendered":"<p>\n\n\n<\/p>\n<p>Pendant les vacances, des stages d\u2019Optimist&nbsp;et Funboat Moussailons pour les enfants de 6 \u00e0 8 ans d\u00e9butants sont propos\u00e9s en stages sur 3 demi-journ\u00e9es par semaine.<\/p>\n<p>Les stages se d\u00e9roulent le matin de 10h30 \u00e0 12h30.<\/p>\n<p>\n\n\n<\/p>\n<p>\n\n\n<\/p>\n<p>Ces stages se d\u00e9roulent dans le bassin de Paris et sont encadr\u00e9s par un moniteur dipl\u00f4m\u00e9. Ils permettent une premi\u00e8re approche de la voile.<\/p>\n<p>\n\n\n<\/p>\n<p>\n\n\n<\/p>\n<p>Ces stages se d\u00e9roulent en petit groupe de 6 enfants.<\/p>\n<p><\/p>\n<p>\n\n\n<\/p>\n<p>\n\n\n<\/p>\n<p><strong>Dates 2025 :<\/strong><\/p>\n<p>\n\n\n<\/p>\n<p>\n\n\n<\/p>\n<p>21 au 23 juillet de 10h30 \u00e0 12h30<\/p>\n<p>\n\n\n<\/p>\n<p>\n\n\n<\/p>\n<p>4 au 6 aout de 10h30 \u00e0 12h30<\/p>\n<p>\n\n\n<\/p>\n<p>\n\n\n<\/p>\n<p>18 au 20 aout de 10h30 \u00e0 12h30.<\/p>\n<p>\n\n\n<p><br \/><a href=\"https:\/\/cvdieppe.axyomes.com\/client\/3-1.php?75c14e3c1e450281423b89f6e8a03f4e=1729686686\">R\u00e9servez en ligne<\/a><\/p>","protected":false},"excerpt":{"rendered":"<p>Pendant les vacances, des stages d\u2019Optimist&nbsp;et Funboat Moussailons pour les enfants de 6 \u00e0 8 ans d\u00e9butants sont propos\u00e9s en stages sur 3 demi-journ\u00e9es par semaine. Les stages se d\u00e9roulent le matin de 10h30 \u00e0 12h30. Ces stages se d\u00e9roulent dans le bassin de Paris et sont encadr\u00e9s par un [&hellip;]<\/p>\n","protected":false},"author":2,"featured_media":4006,"parent":0,"menu_order":0,"comment_status":"closed","ping_status":"closed","template":"","meta":{"_seopress_robots_primary_cat":"","_seopress_titles_title":"","_seopress_titles_desc":"","_seopress_robots_index":"","_eb_attr":"","footnotes":""},"_links":{"self":[{"href":"https:\/\/www.cvdieppe.fr\/index.php?rest_route=\/wp\/v2\/pages\/4002"}],"collection":[{"href":"https:\/\/www.cvdieppe.fr\/index.php?rest_route=\/wp\/v2\/pages"}],"about":[{"href":"https:\/\/www.cvdieppe.fr\/index.php?rest_route=\/wp\/v2\/types\/page"}],"author":[{"embeddable":true,"href":"https:\/\/www.cvdieppe.fr\/index.php?rest_route=\/wp\/v2\/users\/2"}],"replies":[{"embeddable":true,"href":"https:\/\/www.cvdieppe.fr\/index.php?rest_route=%2Fwp%2Fv2%2Fcomments&post=4002"}],"version-history":[{"count":18,"href":"https:\/\/www.cvdieppe.fr\/index.php?rest_route=\/wp\/v2\/pages\/4002\/revisions"}],"predecessor-version":[{"id":4034,"href":"https:\/\/www.cvdieppe.fr\/index.php?rest_route=\/wp\/v2\/pages\/4002\/revisions\/4034"}],"wp:featuredmedia":[{"embeddable":true,"href":"https:\/\/www.cvdieppe.fr\/index.php?rest_route=\/wp\/v2\/media\/4006"}],"wp:attachment":[{"href":"https:\/\/www.cvdieppe.fr\/index.php?rest_route=%2Fwp%2Fv2%2Fmedia&parent=4002"}],"curies":[{"name":"wp","href":"https:\/\/api.w.org\/{rel}","templated":true}]}}