{"id":3814,"date":"2024-06-24T17:16:44","date_gmt":"2024-06-24T15:16:44","guid":{"rendered":"https:\/\/www.cvdieppe.fr\/?page_id=3814"},"modified":"2024-06-24T17:18:52","modified_gmt":"2024-06-24T15:18:52","slug":"accueil-2","status":"publish","type":"page","link":"https:\/\/www.cvdieppe.fr\/","title":{"rendered":"Accueil essai"},"content":{"rendered":"\t\t<div data-elementor-type=\"wp-post\" data-elementor-id=\"3814\" class=\"elementor elementor-3814\">\n\t\t\t\t\t\t<section class=\"elementor-section elementor-top-section elementor-element elementor-element-ab405ca elementor-section-boxed elementor-section-height-default elementor-section-height-default\" data-id=\"ab405ca\" data-element_type=\"section\">\n\t\t\t\t\t\t<div class=\"elementor-container elementor-column-gap-default\">\n\t\t\t\t\t<div class=\"elementor-column elementor-col-100 elementor-top-column elementor-element elementor-element-7ed1c86\" data-id=\"7ed1c86\" data-element_type=\"column\">\n\t\t\t<div class=\"elementor-widget-wrap elementor-element-populated\">\n\t\t\t\t\t\t<div class=\"elementor-element elementor-element-7e676d9 elementor-widget elementor-widget-text-editor\" data-id=\"7e676d9\" data-element_type=\"widget\" data-widget_type=\"text-editor.default\">\n\t\t\t\t<div class=\"elementor-widget-container\">\n\t\t\t\t\t\t\t\t\t<p><strong>Devenir membre du Cercle de la Voile de Dieppe<\/strong>, c&rsquo;est int\u00e9grer un club de voile fond\u00e9 en 1935, reconnu d&rsquo;utilit\u00e9 publique et charg\u00e9 d&rsquo;histoire!<\/p><p>Devenir membre du CVD, c&rsquo;est avoir la possibilit\u00e9 d&rsquo;acc\u00e9der aux formations propos\u00e9es par le centre de formation, le droit de participer aux r\u00e9gates de l&rsquo;association, celui d&rsquo;acc\u00e9der au club-house et \u00e0 ses activit\u00e9s.<\/p><p>En tant que <strong>membre actif,<\/strong> v<span style=\"font-size: inherit;\">ous b\u00e9n\u00e9ficierez de tarifs pr\u00e9f\u00e9rentiels sur les prestations \u00e9cole de voile, de la possibilit\u00e9 de privatiser le club-house, d&rsquo;une mise \u00e0 disposition des bateaux du club, de l&rsquo;usage du hangar, de la possibilit\u00e9 d&rsquo;adh\u00e9rer au club croisi\u00e8re.<\/span><\/p><p>L&rsquo;adh\u00e9sion <strong>membre associ\u00e9<\/strong> convient parfaitement \u00e0 des personnes qui ne souhaitent pas naviguer, mais seulement partager la vie associative du club \u00e0 terre. Cette adh\u00e9sion est le minimum requis pour acc\u00e9der aux formations de l&rsquo;\u00e9cole de voile<\/p>\t\t\t\t\t\t\t\t<\/div>\n\t\t\t\t<\/div>\n\t\t\t\t\t<\/div>\n\t\t<\/div>\n\t\t\t\t\t<\/div>\n\t\t<\/section>\n\t\t\t\t<section class=\"elementor-section elementor-top-section elementor-element elementor-element-0dd2d1f elementor-section-boxed elementor-section-height-default elementor-section-height-default\" data-id=\"0dd2d1f\" data-element_type=\"section\">\n\t\t\t\t\t\t<div class=\"elementor-container elementor-column-gap-default\">\n\t\t\t\t\t<div class=\"elementor-column elementor-col-100 elementor-top-column elementor-element elementor-element-fa0e18d\" data-id=\"fa0e18d\" data-element_type=\"column\">\n\t\t\t<div class=\"elementor-widget-wrap elementor-element-populated\">\n\t\t\t\t\t\t<div class=\"elementor-element elementor-element-5c94541 elementor-widget elementor-widget-text-editor\" data-id=\"5c94541\" data-element_type=\"widget\" data-widget_type=\"text-editor.default\">\n\t\t\t\t<div class=\"elementor-widget-container\">\n\t\t\t\t\t\t\t\t\t<p>Tarif des adh\u00e9sions <strong>membre actif<\/strong><\/p><p>Adulte \u00a0 75 \u20ac\u00a0<\/p><p>Couple \u00a0 110\u20ac<\/p><p>Famille \u00a0150\u20ac<\/p><p>jeune de &#8211; de 18 ans et \u00e9tudiant \u00a0 20 \u20ac<\/p><p>membre de moins de 25 ans \u00a0 40 \u20ac<\/p><p>Personne morale \u00a0 270\u20ac<\/p><p>Membre donateur \u00a0 \u00a0 \u00e0 partir de 500 \u20ac<\/p>\t\t\t\t\t\t\t\t<\/div>\n\t\t\t\t<\/div>\n\t\t\t\t\t<\/div>\n\t\t<\/div>\n\t\t\t\t\t<\/div>\n\t\t<\/section>\n\t\t\t\t<section class=\"elementor-section elementor-top-section elementor-element elementor-element-5b7f51a elementor-section-boxed elementor-section-height-default elementor-section-height-default\" data-id=\"5b7f51a\" data-element_type=\"section\">\n\t\t\t\t\t\t<div class=\"elementor-container elementor-column-gap-default\">\n\t\t\t\t\t<div class=\"elementor-column elementor-col-100 elementor-top-column elementor-element elementor-element-fa100d2\" data-id=\"fa100d2\" data-element_type=\"column\">\n\t\t\t<div class=\"elementor-widget-wrap elementor-element-populated\">\n\t\t\t\t\t\t<div class=\"elementor-element elementor-element-1748a49 elementor-widget elementor-widget-text-editor\" data-id=\"1748a49\" data-element_type=\"widget\" data-widget_type=\"text-editor.default\">\n\t\t\t\t<div class=\"elementor-widget-container\">\n\t\t\t\t\t\t\t\t\t<p>Tarif de l&rsquo;adh\u00e9sion membre associ\u00e9 \u00a0 \u00a0 25 \u20ac<\/p>\t\t\t\t\t\t\t\t<\/div>\n\t\t\t\t<\/div>\n\t\t\t\t\t<\/div>\n\t\t<\/div>\n\t\t\t\t\t<\/div>\n\t\t<\/section>\n\t\t\t\t<section class=\"elementor-section elementor-top-section elementor-element elementor-element-74d06c7 elementor-section-boxed elementor-section-height-default elementor-section-height-default\" data-id=\"74d06c7\" data-element_type=\"section\">\n\t\t\t\t\t\t<div class=\"elementor-container elementor-column-gap-default\">\n\t\t\t\t\t<div class=\"elementor-column elementor-col-100 elementor-top-column elementor-element elementor-element-c911535\" data-id=\"c911535\" data-element_type=\"column\">\n\t\t\t<div class=\"elementor-widget-wrap elementor-element-populated\">\n\t\t\t\t\t\t<div class=\"elementor-element elementor-element-1e4985b elementor-widget__width-initial elementor-widget elementor-widget-text-editor\" data-id=\"1e4985b\" data-element_type=\"widget\" data-widget_type=\"text-editor.default\">\n\t\t\t\t<div class=\"elementor-widget-container\">\n\t\t\t\t\t\t\t\t\t<p>Une <strong>LICENCE<\/strong> aupr\u00e8s de la F\u00e9d\u00e9ration Fran\u00e7aise de Voile est indispensable pour participer aux r\u00e9gates et suivre les formations<\/p><p>Adulte \u00a068 \u20ac, jeune 32\u20ac, licence temporaire 1 jour \u00a019 \u20ac, ou 4 jours\u00a0 34 \u20ac,\u00a0<\/p><p>Passeport voile 13.50 \u20ac<\/p>\t\t\t\t\t\t\t\t<\/div>\n\t\t\t\t<\/div>\n\t\t\t\t\t<\/div>\n\t\t<\/div>\n\t\t\t\t\t<\/div>\n\t\t<\/section>\n\t\t\t\t<section class=\"elementor-section elementor-top-section elementor-element elementor-element-a4fd27c elementor-section-boxed elementor-section-height-default elementor-section-height-default\" data-id=\"a4fd27c\" data-element_type=\"section\">\n\t\t\t\t\t\t<div class=\"elementor-container elementor-column-gap-default\">\n\t\t\t\t\t<div class=\"elementor-column elementor-col-100 elementor-top-column elementor-element elementor-element-a02e4dd\" data-id=\"a02e4dd\" data-element_type=\"column\">\n\t\t\t<div class=\"elementor-widget-wrap elementor-element-populated\">\n\t\t\t\t\t\t<div class=\"elementor-element elementor-element-23adccc elementor-align-center elementor-widget elementor-widget-button\" data-id=\"23adccc\" data-element_type=\"widget\" data-widget_type=\"button.default\">\n\t\t\t\t<div class=\"elementor-widget-container\">\n\t\t\t\t\t\t\t\t\t<div class=\"elementor-button-wrapper\">\n\t\t\t\t\t<a class=\"elementor-button elementor-button-link elementor-size-md\" href=\"https:\/\/www.cvdieppe.fr\/wp-content\/uploads\/Appel-cotisation-24.pdf\" target=\"_blank\">\n\t\t\t\t\t\t<span class=\"elementor-button-content-wrapper\">\n\t\t\t\t\t\t<span class=\"elementor-button-icon\">\n\t\t\t\t<i aria-hidden=\"true\" class=\"fas fa-file-pdf\"><\/i>\t\t\t<\/span>\n\t\t\t\t\t\t\t\t\t<span class=\"elementor-button-text\">Appel \u00e0 cotisation 2024<\/span>\n\t\t\t\t\t<\/span>\n\t\t\t\t\t<\/a>\n\t\t\t\t<\/div>\n\t\t\t\t\t\t\t\t<\/div>\n\t\t\t\t<\/div>\n\t\t\t\t\t<\/div>\n\t\t<\/div>\n\t\t\t\t\t<\/div>\n\t\t<\/section>\n\t\t\t\t<\/div>\n\t\t","protected":false},"excerpt":{"rendered":"","protected":false},"author":2,"featured_media":1435,"parent":0,"menu_order":0,"comment_status":"closed","ping_status":"closed","template":"","meta":{"_seopress_robots_primary_cat":"","_seopress_titles_title":"","_seopress_titles_desc":"","_seopress_robots_index":"","_eb_attr":"","footnotes":""},"_links":{"self":[{"href":"https:\/\/www.cvdieppe.fr\/index.php?rest_route=\/wp\/v2\/pages\/3814"}],"collection":[{"href":"https:\/\/www.cvdieppe.fr\/index.php?rest_route=\/wp\/v2\/pages"}],"about":[{"href":"https:\/\/www.cvdieppe.fr\/index.php?rest_route=\/wp\/v2\/types\/page"}],"author":[{"embeddable":true,"href":"https:\/\/www.cvdieppe.fr\/index.php?rest_route=\/wp\/v2\/users\/2"}],"replies":[{"embeddable":true,"href":"https:\/\/www.cvdieppe.fr\/index.php?rest_route=%2Fwp%2Fv2%2Fcomments&post=3814"}],"version-history":[{"count":2,"href":"https:\/\/www.cvdieppe.fr\/index.php?rest_route=\/wp\/v2\/pages\/3814\/revisions"}],"predecessor-version":[{"id":3818,"href":"https:\/\/www.cvdieppe.fr\/index.php?rest_route=\/wp\/v2\/pages\/3814\/revisions\/3818"}],"wp:featuredmedia":[{"embeddable":true,"href":"https:\/\/www.cvdieppe.fr\/index.php?rest_route=\/wp\/v2\/media\/1435"}],"wp:attachment":[{"href":"https:\/\/www.cvdieppe.fr\/index.php?rest_route=%2Fwp%2Fv2%2Fmedia&parent=3814"}],"curies":[{"name":"wp","href":"https:\/\/api.w.org\/{rel}","templated":true}]}}