{"id":3676,"date":"2024-03-21T10:21:33","date_gmt":"2024-03-21T09:21:33","guid":{"rendered":"https:\/\/www.cvdieppe.fr\/?page_id=3676"},"modified":"2025-11-27T10:37:31","modified_gmt":"2025-11-27T09:37:31","slug":"stage-multi-support-catamaran-habitable-a-partir-de-13-ans","status":"publish","type":"page","link":"https:\/\/www.cvdieppe.fr\/?page_id=3676","title":{"rendered":"Stage d\u00e9riveur double \u00e0 partir de 13 ans"},"content":{"rendered":"\t\t<div data-elementor-type=\"wp-page\" data-elementor-id=\"3676\" class=\"elementor elementor-3676\">\n\t\t\t\t\t\t<section class=\"elementor-section elementor-top-section elementor-element elementor-element-5344242 elementor-section-boxed elementor-section-height-default elementor-section-height-default\" data-id=\"5344242\" data-element_type=\"section\">\n\t\t\t\t\t\t<div class=\"elementor-container elementor-column-gap-default\">\n\t\t\t\t\t<div class=\"elementor-column elementor-col-100 elementor-top-column elementor-element elementor-element-1e772c8\" data-id=\"1e772c8\" data-element_type=\"column\">\n\t\t\t<div class=\"elementor-widget-wrap elementor-element-populated\">\n\t\t\t\t\t\t<div class=\"elementor-element elementor-element-f079e2f elementor-widget elementor-widget-text-editor\" data-id=\"f079e2f\" data-element_type=\"widget\" data-widget_type=\"text-editor.default\">\n\t\t\t\t<div class=\"elementor-widget-container\">\n\t\t\t\t\t\t\t\t\t<p style=\"margin-bottom: 15px; line-height: 1.618; font-size: 18px;\">\n<\/p><p style=\"margin-bottom: 15px; line-height: 1.618; font-size: 18px;\">Des stages d\u00e9riveur sur RS Zest \u00e0 destination des jeunes \u00e0 partir de 13 ans (mais aussi ouvert aux adultes) voulant s\u2019initier ou se perfectionner sont ouverts pendant les vacances de P\u00e2ques et de l&rsquo;\u00e9t\u00e9.<\/p>\n<p style=\"margin-bottom: 15px; line-height: 1.618; font-size: 18px;\">Ces stages se d\u00e9rouleront en d\u00e9riveur RS Zest sur 5 demi-journ\u00e9es sur le bassin de Paris et sont encadr\u00e9s par un moniteur dipl\u00f4m\u00e9<span style=\"font-size: inherit;\">.<\/span><\/p>\n<p style=\"margin-bottom: 15px; line-height: 1.618; font-size: 18px;\">Ils permettent une premi\u00e8re approche de la voile aussi bien que le perfectionnement.<\/p>\n<p style=\"margin-bottom: 15px; line-height: 1.618; font-size: 18px;\"><strong>Dates 2026 :&nbsp;<\/strong><\/p>\n<p style=\"margin-bottom: 15px; line-height: 1.618; font-size: 18px;\">Du 20 au 23 avril de 9h30 \u00e0 12h<\/p>\n<p style=\"margin-bottom: 15px; line-height: 1.618; font-size: 18px;\">\n<\/p><p style=\"margin-bottom: 15px; line-height: 1.618; font-size: 18px;\"><strong>Les prochains stages se d\u00e9rouleront \u00e0 partir du 13 juillet jusqu\u2019\u00e0 fin aout. Ils se d\u00e9roulent le lundi et mardi de 9h30 \u00e0 12h00 et de 13h30 \u00e0 16h00 et le m<\/strong><strong>ercredi de 9h30 \u00e0 12h00.<\/strong><\/p>\n<p style=\"margin-bottom: 15px; line-height: 1.618; font-size: 18px;\"><strong>&nbsp;<\/strong><\/p>\n<p style=\"margin-bottom: 15px; line-height: 1.618; font-size: 18px;\"><strong>TARIF 2026 :<\/strong><\/p>\n<p style=\"margin-bottom: 15px; line-height: 1.618; font-size: 18px;\">153 \u20ac les 5 s\u00e9ances + 14,50 \u20ac pour le Passeport Voile si vous ne l&rsquo;avez pas.<\/p>\n<p style=\"margin-bottom: 15px; line-height: 1.618; font-size: 18px;\"><strong style=\"font-size: 14px;\">&nbsp;<\/strong><\/p>\n<p style=\"margin-bottom: 15px; line-height: 1.618; font-size: 18px;\"><strong style=\"font-size: 14px;\">ATTENTION : Contactez nous par mail contact@cvdieppe.fr si vous avez des questions ou vous pouvez r\u00e9server en ligne depuis le lien ci-dessous.<\/strong><\/p>\n<p style=\"margin-bottom: 15px; line-height: 1.618; font-size: 18px;\"> <\/p>\n<div class=\"wp-block-essential-blocks-button\">\n<div class=\"eb-parent-wrapper eb-parent-eb-button-vmw0h \">\n<div class=\"eb-button-wrapper eb-button-alignment eb-button-vmw0h\">\n<div class=\"eb-button\"><a class=\"eb-button-anchor hvr-grow\" href=\"https:\/\/cvdieppe.axyomes.com\/client\/1-1.php\" target=\"_blank\" rel=\"noopener\">R\u00e9servez en ligne d\u00e9riveur&nbsp;<\/a><\/div>\n<\/div>\n<\/div>\n<\/div>\t\t\t\t\t\t\t\t<\/div>\n\t\t\t\t<\/div>\n\t\t\t\t<div class=\"elementor-element elementor-element-1e2df88 elementor-widget elementor-widget-image\" data-id=\"1e2df88\" data-element_type=\"widget\" data-widget_type=\"image.default\">\n\t\t\t\t<div class=\"elementor-widget-container\">\n\t\t\t\t\t\t\t\t\t\t\t\t\t\t\t<img fetchpriority=\"high\" decoding=\"async\" width=\"719\" height=\"938\" src=\"https:\/\/www.cvdieppe.fr\/wp-content\/uploads\/zest-3.jpg\" class=\"attachment-medium_large size-medium_large wp-image-4345\" alt=\"\" srcset=\"https:\/\/www.cvdieppe.fr\/wp-content\/uploads\/zest-3.jpg 719w, https:\/\/www.cvdieppe.fr\/wp-content\/uploads\/zest-3-230x300.jpg 230w\" sizes=\"(max-width: 719px) 100vw, 719px\" \/>\t\t\t\t\t\t\t\t\t\t\t\t\t\t\t<\/div>\n\t\t\t\t<\/div>\n\t\t\t\t<div class=\"elementor-element elementor-element-2d235be elementor-widget elementor-widget-image\" data-id=\"2d235be\" data-element_type=\"widget\" data-widget_type=\"image.default\">\n\t\t\t\t<div class=\"elementor-widget-container\">\n\t\t\t\t\t\t\t\t\t\t\t\t\t\t\t<img decoding=\"async\" width=\"750\" height=\"563\" src=\"https:\/\/www.cvdieppe.fr\/wp-content\/uploads\/zest-1-768x576.jpg\" class=\"attachment-medium_large size-medium_large wp-image-4349\" alt=\"\" srcset=\"https:\/\/www.cvdieppe.fr\/wp-content\/uploads\/zest-1-768x576.jpg 768w, https:\/\/www.cvdieppe.fr\/wp-content\/uploads\/zest-1-300x225.jpg 300w, https:\/\/www.cvdieppe.fr\/wp-content\/uploads\/zest-1-1024x768.jpg 1024w, https:\/\/www.cvdieppe.fr\/wp-content\/uploads\/zest-1-1536x1152.jpg 1536w, https:\/\/www.cvdieppe.fr\/wp-content\/uploads\/zest-1-2048x1536.jpg 2048w\" sizes=\"(max-width: 750px) 100vw, 750px\" \/>\t\t\t\t\t\t\t\t\t\t\t\t\t\t\t<\/div>\n\t\t\t\t<\/div>\n\t\t\t\t\t<\/div>\n\t\t<\/div>\n\t\t\t\t\t<\/div>\n\t\t<\/section>\n\t\t\t\t<\/div>\n\t\t","protected":false},"excerpt":{"rendered":"<p>Des stages d\u00e9riveur sur RS Zest \u00e0 destination des jeunes \u00e0 partir de 13 ans (mais aussi ouvert aux adultes) voulant s\u2019initier ou se perfectionner sont ouverts pendant les vacances de P\u00e2ques et de l&rsquo;\u00e9t\u00e9. Ces stages se d\u00e9rouleront en d\u00e9riveur RS Zest sur 5 demi-journ\u00e9es sur le bassin de [&hellip;]<\/p>\n","protected":false},"author":2,"featured_media":3678,"parent":0,"menu_order":0,"comment_status":"closed","ping_status":"closed","template":"page-templates\/template-pagebuilder-full-width.php","meta":{"_seopress_robots_primary_cat":"","_seopress_titles_title":"","_seopress_titles_desc":"","_seopress_robots_index":"","_eb_attr":"","footnotes":""},"_links":{"self":[{"href":"https:\/\/www.cvdieppe.fr\/index.php?rest_route=\/wp\/v2\/pages\/3676"}],"collection":[{"href":"https:\/\/www.cvdieppe.fr\/index.php?rest_route=\/wp\/v2\/pages"}],"about":[{"href":"https:\/\/www.cvdieppe.fr\/index.php?rest_route=\/wp\/v2\/types\/page"}],"author":[{"embeddable":true,"href":"https:\/\/www.cvdieppe.fr\/index.php?rest_route=\/wp\/v2\/users\/2"}],"replies":[{"embeddable":true,"href":"https:\/\/www.cvdieppe.fr\/index.php?rest_route=%2Fwp%2Fv2%2Fcomments&post=3676"}],"version-history":[{"count":36,"href":"https:\/\/www.cvdieppe.fr\/index.php?rest_route=\/wp\/v2\/pages\/3676\/revisions"}],"predecessor-version":[{"id":4387,"href":"https:\/\/www.cvdieppe.fr\/index.php?rest_route=\/wp\/v2\/pages\/3676\/revisions\/4387"}],"wp:featuredmedia":[{"embeddable":true,"href":"https:\/\/www.cvdieppe.fr\/index.php?rest_route=\/wp\/v2\/media\/3678"}],"wp:attachment":[{"href":"https:\/\/www.cvdieppe.fr\/index.php?rest_route=%2Fwp%2Fv2%2Fmedia&parent=3676"}],"curies":[{"name":"wp","href":"https:\/\/api.w.org\/{rel}","templated":true}]}}