{"id":3610,"date":"2024-03-21T09:06:34","date_gmt":"2024-03-21T08:06:34","guid":{"rendered":"https:\/\/www.cvdieppe.fr\/?page_id=3610"},"modified":"2025-11-27T10:42:01","modified_gmt":"2025-11-27T09:42:01","slug":"navigation-electronique-4","status":"publish","type":"page","link":"https:\/\/www.cvdieppe.fr\/?page_id=3610","title":{"rendered":"Navigation \u00e9lectronique"},"content":{"rendered":"<p style=\"color: #3c4858; margin-top: 0px; margin-right: 0px; margin-left: 0px; font-size: 14px;\">Ce stage vous permettra d&rsquo;approfondir vos connaissances en apprenant ou vous perfectionnant \u00e0 l&rsquo;utilisation des appareils \u00e9lectroniques pr\u00e9sents \u00e0 bord d&rsquo;un bateau.<\/p>\n<p><strong>1\/rappels de navigation<\/strong><\/p>\n<p>&#8211; pr\u00e9sentation de la carte marine : \u00e9chelle, coordonn\u00e9es, bathym\u00e9trie, norme g\u00e9od\u00e9sique,<br \/>symbolique, mesure cap et distance, balisage et feux. Notions de route fond, route<br \/>surface et route de collision<\/p>\n<p><strong>2\/pr\u00e9sentation des appareils, utilit\u00e9 et fonctionnement<\/strong><\/p>\n<p>&#8211; GPS simple<br \/>&#8211; GPS avec cartographie<br \/>&#8211; les applis sur t\u00e9l\u00e9phone : GPS, m\u00e9t\u00e9o, courants, mar\u00e9e<br \/>&#8211; le radar<br \/>&#8211; le r\u00e9cepteur AIS<br \/>&#8211; la VHF<br \/>&#8211; les couplages entre appareils<\/p>\n<p><strong>3\/mise en application en mer<\/strong><\/p>\n<p>&#8211; cr\u00e9ation d\u2019une route et suivi de navigation. Anticiper ou accepter une d\u00e9rive.<br \/>&#8211; utilisation du radar et de l\u2019AIS<strong>.<\/strong><\/p>\n<p style=\"font-size: 18px;\"><strong>Programme 2026<\/strong><\/p>\n<p style=\"font-size: 18px;\">5 avril<\/p>\n<p style=\"font-size: 18px;\">6 septembre<\/p>\n<p style=\"font-size: 18px;\"><strong>Des dates peuvent \u00eatre ajout\u00e9es pour un groupe, n\u2019h\u00e9sitez pas \u00e0 nous contacter pour vos demandes.<\/strong><\/p>\n<p><strong>Tarifs 2026<\/strong><\/p>\n<p>141 \u20ac la journ\u00e9e auquel il faudra ajouter le passeport voile 14,50\u20ac (en 2026)<\/p>\n<p style=\"font-size: 18px;\">Pour vous inscrire, contactez-nous par mail contact@cvdieppe.fr pour r\u00e9server votre place et vous pouvez r\u00e9server en ligne avec le bouton ci-dessous<a href=\"https:\/\/www.cvdieppe.fr\/wp-content\/uploads\/Fiche-inscription-stage-1.pdf\"><\/a><\/p>\n\n\n<div class=\"wp-block-essential-blocks-button\"><div class=\"eb-parent-wrapper eb-parent-eb-button-vmw0h \"><div class=\"eb-button-wrapper eb-button-alignment eb-button-vmw0h\"><div class=\"eb-button\"><a class=\"eb-button-anchor hvr-grow\" href=\"https:\/\/cvdieppe.axyomes.com\/client\/3-1.php?3111c610a98b0f2cf7dff6bc5952cfac=1729673649\" target=\"_blank\" rel=\"noopener\">R\u00e9servez<\/a><\/div><\/div><\/div><\/div>\n","protected":false},"excerpt":{"rendered":"<p>Ce stage vous permettra d&rsquo;approfondir vos connaissances en apprenant ou vous perfectionnant \u00e0 l&rsquo;utilisation des appareils \u00e9lectroniques pr\u00e9sents \u00e0 bord d&rsquo;un bateau. 1\/rappels de navigation &#8211; pr\u00e9sentation de la carte marine : \u00e9chelle, coordonn\u00e9es, bathym\u00e9trie, norme g\u00e9od\u00e9sique,symbolique, mesure cap et distance, balisage et feux. Notions de route fond, routesurface et [&hellip;]<\/p>\n","protected":false},"author":2,"featured_media":3328,"parent":0,"menu_order":0,"comment_status":"closed","ping_status":"closed","template":"","meta":{"_seopress_robots_primary_cat":"","_seopress_titles_title":"","_seopress_titles_desc":"","_seopress_robots_index":"","_eb_attr":"","footnotes":""},"_links":{"self":[{"href":"https:\/\/www.cvdieppe.fr\/index.php?rest_route=\/wp\/v2\/pages\/3610"}],"collection":[{"href":"https:\/\/www.cvdieppe.fr\/index.php?rest_route=\/wp\/v2\/pages"}],"about":[{"href":"https:\/\/www.cvdieppe.fr\/index.php?rest_route=\/wp\/v2\/types\/page"}],"author":[{"embeddable":true,"href":"https:\/\/www.cvdieppe.fr\/index.php?rest_route=\/wp\/v2\/users\/2"}],"replies":[{"embeddable":true,"href":"https:\/\/www.cvdieppe.fr\/index.php?rest_route=%2Fwp%2Fv2%2Fcomments&post=3610"}],"version-history":[{"count":19,"href":"https:\/\/www.cvdieppe.fr\/index.php?rest_route=\/wp\/v2\/pages\/3610\/revisions"}],"predecessor-version":[{"id":4395,"href":"https:\/\/www.cvdieppe.fr\/index.php?rest_route=\/wp\/v2\/pages\/3610\/revisions\/4395"}],"wp:featuredmedia":[{"embeddable":true,"href":"https:\/\/www.cvdieppe.fr\/index.php?rest_route=\/wp\/v2\/media\/3328"}],"wp:attachment":[{"href":"https:\/\/www.cvdieppe.fr\/index.php?rest_route=%2Fwp%2Fv2%2Fmedia&parent=3610"}],"curies":[{"name":"wp","href":"https:\/\/api.w.org\/{rel}","templated":true}]}}