{"id":28,"date":"2018-04-04T21:35:46","date_gmt":"2018-04-04T19:35:46","guid":{"rendered":"http:\/\/www.cvdieppe.fr\/?page_id=28"},"modified":"2025-11-27T10:38:35","modified_gmt":"2025-11-27T09:38:35","slug":"navigation-2","status":"publish","type":"page","link":"https:\/\/www.cvdieppe.fr\/?page_id=28","title":{"rendered":"Sortie en mer sur voilier habitable"},"content":{"rendered":"<p>Le stage navigation est destin\u00e9 \u00e0 toute personne, d\u00e9butante ou non, ayant envie d\u2019apprendre la voile et de se perfectionner.<\/p>\n<p>Ce stage est ax\u00e9 sur l\u2019apprentissage de la man\u0153uvre d\u2019un voilier habitable.<br \/>Il se d\u00e9roule au large de Dieppe sur nos Grand Surprise pour une dur\u00e9e pouvant aller de la demie journ\u00e9e au week-end complet.<\/p>\n<p>Le r\u00e9glage des voiles, les virements, empannages, allures, tenue du cap et les autres man\u0153uvres n\u2019auront plus de secrets pour vous !<\/p>\n<p><img fetchpriority=\"high\" decoding=\"async\" width=\"750\" height=\"910\" src=\"https:\/\/www.cvdieppe.fr\/wp-content\/uploads\/2018\/04\/DSC_0065-e1522870781568-844x1024.jpg\" alt=\"\" srcset=\"https:\/\/www.cvdieppe.fr\/wp-content\/uploads\/2018\/04\/DSC_0065-e1522870781568-844x1024.jpg 844w, https:\/\/www.cvdieppe.fr\/wp-content\/uploads\/2018\/04\/DSC_0065-e1522870781568-247x300.jpg 247w, https:\/\/www.cvdieppe.fr\/wp-content\/uploads\/2018\/04\/DSC_0065-e1522870781568-768x932.jpg 768w, https:\/\/www.cvdieppe.fr\/wp-content\/uploads\/2018\/04\/DSC_0065-e1522870781568.jpg 1836w\" sizes=\"(max-width: 750px) 100vw, 750px\" \/><\/p>\n<h6>Tarifs 2026 :<\/h6>\n<ul>\n<li>2h : 40 \u20ac<\/li>\n<li>3h : 60 \u20ac<\/li>\n<li>\u00a0Stage 3 demi-journ\u00e9es cons\u00e9cutives : 148 \u20ac\u00a0<\/li>\n<li>Stage 4 demi-journ\u00e9es cons\u00e9cutives : 184 \u20ac<\/li>\n<li>Stage 5 demi-journ\u00e9es cons\u00e9cutives : 230 \u20ac<\/li>\n<li>Forfait 10 demi-journ\u00e9es : 460 \u20ac<\/li>\n<\/ul>\n<p>Pour les stages et forfait, il faut ajouter la cotisation au club (25 \u20ac) et la licence FFV (14,50 \u20ac) (tarif 2026).<\/p>\n<p style=\"font-size: 18px;\">Pour vous inscrire, contactez-nous par mail contact@cvdieppe.fr ou r\u00e9server en ligne depuis le lien ci-dessous.<\/p>\n\n\n<div class=\"wp-block-essential-blocks-button\"><div class=\"eb-parent-wrapper eb-parent-eb-button-vmw0h \"><div class=\"eb-button-wrapper eb-button-alignment eb-button-vmw0h\"><div class=\"eb-button\"><a class=\"eb-button-anchor hvr-grow\" href=\"https:\/\/cvdieppe.axyomes.com\/client\/2-1.php?9033bba308baecd9559e96db42bdffd0=1719289144\" target=\"_blank\" rel=\"noopener\">R\u00e9servez<\/a><\/div><\/div><\/div><\/div>\n","protected":false},"excerpt":{"rendered":"<p>Le stage navigation est destin\u00e9 \u00e0 toute personne, d\u00e9butante ou non, ayant envie d\u2019apprendre la voile et de se perfectionner. Ce stage est ax\u00e9 sur l\u2019apprentissage de la man\u0153uvre d\u2019un voilier habitable.Il se d\u00e9roule au large de Dieppe sur nos Grand Surprise pour une dur\u00e9e pouvant aller de la demie [&hellip;]<\/p>\n","protected":false},"author":1,"featured_media":0,"parent":0,"menu_order":0,"comment_status":"closed","ping_status":"closed","template":"","meta":{"_seopress_robots_primary_cat":"","_seopress_titles_title":"","_seopress_titles_desc":"","_seopress_robots_index":"","_eb_attr":"","footnotes":""},"_links":{"self":[{"href":"https:\/\/www.cvdieppe.fr\/index.php?rest_route=\/wp\/v2\/pages\/28"}],"collection":[{"href":"https:\/\/www.cvdieppe.fr\/index.php?rest_route=\/wp\/v2\/pages"}],"about":[{"href":"https:\/\/www.cvdieppe.fr\/index.php?rest_route=\/wp\/v2\/types\/page"}],"author":[{"embeddable":true,"href":"https:\/\/www.cvdieppe.fr\/index.php?rest_route=\/wp\/v2\/users\/1"}],"replies":[{"embeddable":true,"href":"https:\/\/www.cvdieppe.fr\/index.php?rest_route=%2Fwp%2Fv2%2Fcomments&post=28"}],"version-history":[{"count":25,"href":"https:\/\/www.cvdieppe.fr\/index.php?rest_route=\/wp\/v2\/pages\/28\/revisions"}],"predecessor-version":[{"id":4388,"href":"https:\/\/www.cvdieppe.fr\/index.php?rest_route=\/wp\/v2\/pages\/28\/revisions\/4388"}],"wp:attachment":[{"href":"https:\/\/www.cvdieppe.fr\/index.php?rest_route=%2Fwp%2Fv2%2Fmedia&parent=28"}],"curies":[{"name":"wp","href":"https:\/\/api.w.org\/{rel}","templated":true}]}}