{"id":2419,"date":"2022-04-19T11:54:51","date_gmt":"2022-04-19T09:54:51","guid":{"rendered":"https:\/\/www.cvdieppe.fr\/?page_id=2419"},"modified":"2026-03-22T16:25:25","modified_gmt":"2026-03-22T15:25:25","slug":"programme-2022","status":"publish","type":"page","link":"https:\/\/www.cvdieppe.fr\/?page_id=2419","title":{"rendered":"Programme 2026"},"content":{"rendered":"\t\t<div data-elementor-type=\"wp-page\" data-elementor-id=\"2419\" class=\"elementor elementor-2419\">\n\t\t\t\t\t\t<section class=\"elementor-section elementor-top-section elementor-element elementor-element-de60893 elementor-section-boxed elementor-section-height-default elementor-section-height-default\" data-id=\"de60893\" data-element_type=\"section\">\n\t\t\t\t\t\t<div class=\"elementor-container elementor-column-gap-default\">\n\t\t\t\t\t<div class=\"elementor-column elementor-col-100 elementor-top-column elementor-element elementor-element-c3b86c2\" data-id=\"c3b86c2\" data-element_type=\"column\">\n\t\t\t<div class=\"elementor-widget-wrap elementor-element-populated\">\n\t\t\t\t\t\t<div class=\"elementor-element elementor-element-42412b4 premium-header-inline premium-lq__none premium-box-lq__none elementor-widget elementor-widget-premium-addon-dual-header\" data-id=\"42412b4\" data-element_type=\"widget\" data-widget_type=\"premium-addon-dual-header.default\">\n\t\t\t\t\t\n\t\t<div class=\"elementor-widget-container\">\n\t\t\t\t\t<h3 class=\"premium-dual-header-first-header \"><span class=\"premium-dual-header-first-span\">Programme des r\u00e9gates 2026 <\/span><\/h3> \t\t\t\t<\/div>\n\n\t\t\t\t\t\t<\/div>\n\t\t\t\t<div class=\"elementor-element elementor-element-64bc673 elementor-widget__width-initial elementor-widget elementor-widget-image\" data-id=\"64bc673\" data-element_type=\"widget\" data-widget_type=\"image.default\">\n\t\t\t\t<div class=\"elementor-widget-container\">\n\t\t\t\t\t\t\t\t\t\t\t\t\t\t\t<img fetchpriority=\"high\" decoding=\"async\" width=\"572\" height=\"652\" src=\"https:\/\/www.cvdieppe.fr\/wp-content\/uploads\/regate.jpg\" class=\"attachment-1536x1536 size-1536x1536 wp-image-4457\" alt=\"\" srcset=\"https:\/\/www.cvdieppe.fr\/wp-content\/uploads\/regate.jpg 572w, https:\/\/www.cvdieppe.fr\/wp-content\/uploads\/regate-263x300.jpg 263w\" sizes=\"(max-width: 572px) 100vw, 572px\" \/>\t\t\t\t\t\t\t\t\t\t\t\t\t\t\t<\/div>\n\t\t\t\t<\/div>\n\t\t\t\t\t<\/div>\n\t\t<\/div>\n\t\t\t\t\t<\/div>\n\t\t<\/section>\n\t\t\t\t<section class=\"elementor-section elementor-top-section elementor-element elementor-element-d5033f4 elementor-section-boxed elementor-section-height-default elementor-section-height-default\" data-id=\"d5033f4\" data-element_type=\"section\">\n\t\t\t\t\t\t<div class=\"elementor-container elementor-column-gap-default\">\n\t\t\t\t\t<div class=\"elementor-column elementor-col-100 elementor-top-column elementor-element elementor-element-845e1e9\" data-id=\"845e1e9\" data-element_type=\"column\">\n\t\t\t<div class=\"elementor-widget-wrap elementor-element-populated\">\n\t\t\t\t\t\t<div class=\"elementor-element elementor-element-8b6f70a elementor-widget elementor-widget-text-editor\" data-id=\"8b6f70a\" data-element_type=\"widget\" data-widget_type=\"text-editor.default\">\n\t\t\t\t<div class=\"elementor-widget-container\">\n\t\t\t\t\t\t\t\t\t<p>N&rsquo;h\u00e9sitez pas \u00e0 consulter <a href=\"https:\/\/www.cvdieppe.fr\/wp-content\/uploads\/Avis-de-Course-Regates-Club-CVD-2026.pdf\">l&rsquo;avis de course des r\u00e9gates Club<\/a> 2026 et \u00e0 nous envoyer <a href=\"https:\/\/www.cvdieppe.fr\/wp-content\/uploads\/Avis-de-Course-Regates-Club-CVD-2026.pdf\">la fiche d&rsquo;inscription<\/a> compl\u00e9t\u00e9e pour vous inscrire.<\/p>\t\t\t\t\t\t\t\t<\/div>\n\t\t\t\t<\/div>\n\t\t\t\t\t<\/div>\n\t\t<\/div>\n\t\t\t\t\t<\/div>\n\t\t<\/section>\n\t\t\t\t<\/div>\n\t\t","protected":false},"excerpt":{"rendered":"<p>Programme des r\u00e9gates 2026 N&rsquo;h\u00e9sitez pas \u00e0 consulter l&rsquo;avis de course des r\u00e9gates Club 2026 et \u00e0 nous envoyer la fiche d&rsquo;inscription compl\u00e9t\u00e9e pour vous inscrire.<\/p>\n","protected":false},"author":1,"featured_media":0,"parent":0,"menu_order":0,"comment_status":"closed","ping_status":"closed","template":"","meta":{"_seopress_robots_primary_cat":"","_seopress_titles_title":"","_seopress_titles_desc":"","_seopress_robots_index":"","_eb_attr":"","footnotes":""},"_links":{"self":[{"href":"https:\/\/www.cvdieppe.fr\/index.php?rest_route=\/wp\/v2\/pages\/2419"}],"collection":[{"href":"https:\/\/www.cvdieppe.fr\/index.php?rest_route=\/wp\/v2\/pages"}],"about":[{"href":"https:\/\/www.cvdieppe.fr\/index.php?rest_route=\/wp\/v2\/types\/page"}],"author":[{"embeddable":true,"href":"https:\/\/www.cvdieppe.fr\/index.php?rest_route=\/wp\/v2\/users\/1"}],"replies":[{"embeddable":true,"href":"https:\/\/www.cvdieppe.fr\/index.php?rest_route=%2Fwp%2Fv2%2Fcomments&post=2419"}],"version-history":[{"count":74,"href":"https:\/\/www.cvdieppe.fr\/index.php?rest_route=\/wp\/v2\/pages\/2419\/revisions"}],"predecessor-version":[{"id":4472,"href":"https:\/\/www.cvdieppe.fr\/index.php?rest_route=\/wp\/v2\/pages\/2419\/revisions\/4472"}],"wp:attachment":[{"href":"https:\/\/www.cvdieppe.fr\/index.php?rest_route=%2Fwp%2Fv2%2Fmedia&parent=2419"}],"curies":[{"name":"wp","href":"https:\/\/api.w.org\/{rel}","templated":true}]}}