{"id":2110,"date":"2021-10-26T17:15:06","date_gmt":"2021-10-26T15:15:06","guid":{"rendered":"https:\/\/www.cvdieppe.fr\/?page_id=2110"},"modified":"2024-10-04T12:09:01","modified_gmt":"2024-10-04T10:09:01","slug":"coaching-plaisance","status":"publish","type":"page","link":"https:\/\/www.cvdieppe.fr\/?page_id=2110","title":{"rendered":"Coaching Plaisance"},"content":{"rendered":"\t\t<div data-elementor-type=\"wp-post\" data-elementor-id=\"2110\" class=\"elementor elementor-2110\">\n\t\t\t\t\t\t<section class=\"elementor-section elementor-top-section elementor-element elementor-element-2cc029f elementor-section-boxed elementor-section-height-default elementor-section-height-default\" data-id=\"2cc029f\" data-element_type=\"section\">\n\t\t\t\t\t\t<div class=\"elementor-container elementor-column-gap-default\">\n\t\t\t\t\t<div class=\"elementor-column elementor-col-100 elementor-top-column elementor-element elementor-element-2ebec40\" data-id=\"2ebec40\" data-element_type=\"column\">\n\t\t\t<div class=\"elementor-widget-wrap elementor-element-populated\">\n\t\t\t\t\t\t<div class=\"elementor-element elementor-element-1919307 elementor-widget elementor-widget-text-editor\" data-id=\"1919307\" data-element_type=\"widget\" data-widget_type=\"text-editor.default\">\n\t\t\t\t<div class=\"elementor-widget-container\">\n\t\t\t\t\t\t\t\t\t<h6>Un expert \u00e0 votre \u00e9coute\u00a0!<\/h6><h6>5 th\u00e8mes pour progresser\u00a0: conduite et man\u0153uvre, pilotage, vie \u00e0 bord, s\u00e9curit\u00e9, maintenance<\/h6>\t\t\t\t\t\t\t\t<\/div>\n\t\t\t\t<\/div>\n\t\t\t\t\t<\/div>\n\t\t<\/div>\n\t\t\t\t\t<\/div>\n\t\t<\/section>\n\t\t\t\t<section class=\"elementor-section elementor-top-section elementor-element elementor-element-a376e22 elementor-section-boxed elementor-section-height-default elementor-section-height-default\" data-id=\"a376e22\" data-element_type=\"section\">\n\t\t\t\t\t\t<div class=\"elementor-container elementor-column-gap-default\">\n\t\t\t\t\t<div class=\"elementor-column elementor-col-50 elementor-top-column elementor-element elementor-element-189e241\" data-id=\"189e241\" data-element_type=\"column\">\n\t\t\t<div class=\"elementor-widget-wrap elementor-element-populated\">\n\t\t\t\t\t\t<div class=\"elementor-element elementor-element-9a732eb elementor-widget elementor-widget-text-editor\" data-id=\"9a732eb\" data-element_type=\"widget\" data-widget_type=\"text-editor.default\">\n\t\t\t\t<div class=\"elementor-widget-container\">\n\t\t\t\t\t\t\t\t\t<div data-id=\"be4222c\" class=\"elementor-element elementor-element-be4222c elementor-widget elementor-widget-text-editor\" data-element_type=\"text-editor.default\"><div class=\"elementor-widget-container\"><div class=\"elementor-text-editor elementor-clearfix\"><h6><\/h6><\/div><\/div><\/div><div data-id=\"a9ufgg4\" class=\"elementor-element elementor-element-a9ufgg4 elementor-widget elementor-widget-text-editor\" data-element_type=\"text-editor.default\"><div class=\"elementor-widget-container\"><p>Sur bateau \u00e0 moteur ou voilier, sur votre bateau ou<span>\u00a0 <\/span>sur un bateau du CVD, en demi-journ\u00e9e, journ\u00e9e ou plus<\/p><p>Quelques exemples\u00a0de demandes possibles :<br \/>\u00a0\u2013 man\u0153uvres de port<br \/>\u2013 r\u00e9glage de mat<br \/>\u2013 am\u00e9lioration de l\u2019accastillage<br \/>\u2013 conduite sous spi<br \/>\u2013 pr\u00e9paration de croisi\u00e8re<br \/>\u2013 initiation de futurs \u00e9quipiers<br \/>\u2013 navigation en solo<br \/>\u2013 r\u00e9cup\u00e9ration d\u2019un homme \u00e0 la mer<br \/>\u2013 aide au convoyage<\/p><p class=\"MsoPlainText\"><o:p><\/o:p><\/p><\/div><\/div>\t\t\t\t\t\t\t\t<\/div>\n\t\t\t\t<\/div>\n\t\t\t\t\t<\/div>\n\t\t<\/div>\n\t\t\t\t<div class=\"elementor-column elementor-col-50 elementor-top-column elementor-element elementor-element-34cf9fa\" data-id=\"34cf9fa\" data-element_type=\"column\">\n\t\t\t<div class=\"elementor-widget-wrap elementor-element-populated\">\n\t\t\t\t\t\t<div class=\"elementor-element elementor-element-5d13787 elementor-widget elementor-widget-image\" data-id=\"5d13787\" data-element_type=\"widget\" data-widget_type=\"image.default\">\n\t\t\t\t<div class=\"elementor-widget-container\">\n\t\t\t\t\t\t\t\t\t\t\t\t\t\t\t<img fetchpriority=\"high\" decoding=\"async\" width=\"750\" height=\"500\" src=\"https:\/\/www.cvdieppe.fr\/wp-content\/uploads\/93027878f4b7d4d912a70adc9772ccf1.png\" class=\"attachment-large size-large wp-image-3943\" alt=\"\" srcset=\"https:\/\/www.cvdieppe.fr\/wp-content\/uploads\/93027878f4b7d4d912a70adc9772ccf1.png 799w, https:\/\/www.cvdieppe.fr\/wp-content\/uploads\/93027878f4b7d4d912a70adc9772ccf1-300x200.png 300w, https:\/\/www.cvdieppe.fr\/wp-content\/uploads\/93027878f4b7d4d912a70adc9772ccf1-768x512.png 768w, https:\/\/www.cvdieppe.fr\/wp-content\/uploads\/93027878f4b7d4d912a70adc9772ccf1-360x240.png 360w\" sizes=\"(max-width: 750px) 100vw, 750px\" \/>\t\t\t\t\t\t\t\t\t\t\t\t\t\t\t<\/div>\n\t\t\t\t<\/div>\n\t\t\t\t\t<\/div>\n\t\t<\/div>\n\t\t\t\t\t<\/div>\n\t\t<\/section>\n\t\t\t\t<section class=\"elementor-section elementor-top-section elementor-element elementor-element-b7f2fed elementor-section-boxed elementor-section-height-default elementor-section-height-default\" data-id=\"b7f2fed\" data-element_type=\"section\">\n\t\t\t\t\t\t<div class=\"elementor-container elementor-column-gap-default\">\n\t\t\t\t\t<div class=\"elementor-column elementor-col-66 elementor-top-column elementor-element elementor-element-3869f78\" data-id=\"3869f78\" data-element_type=\"column\">\n\t\t\t<div class=\"elementor-widget-wrap elementor-element-populated\">\n\t\t\t\t\t\t<div class=\"elementor-element elementor-element-554c3d6 elementor-widget elementor-widget-text-editor\" data-id=\"554c3d6\" data-element_type=\"widget\" data-widget_type=\"text-editor.default\">\n\t\t\t\t<div class=\"elementor-widget-container\">\n\t\t\t\t\t\t\t\t\t<div data-id=\"29f7bbe\" data-element_type=\"text-editor.default\"><div><div><p><strong>TARIFS<\/strong><\/p><\/div><\/div><\/div><div data-id=\"kvofstg\" data-element_type=\"text-editor.default\"><p>A partir de 300 \u20ac par jour hors bateau<\/p><\/div>\t\t\t\t\t\t\t\t<\/div>\n\t\t\t\t<\/div>\n\t\t\t\t\t<\/div>\n\t\t<\/div>\n\t\t\t\t<div class=\"elementor-column elementor-col-33 elementor-top-column elementor-element elementor-element-10a3bb2\" data-id=\"10a3bb2\" data-element_type=\"column\">\n\t\t\t<div class=\"elementor-widget-wrap elementor-element-populated\">\n\t\t\t\t\t\t<div class=\"elementor-element elementor-element-c40d502 elementor-widget elementor-widget-text-editor\" data-id=\"c40d502\" data-element_type=\"widget\" data-widget_type=\"text-editor.default\">\n\t\t\t\t<div class=\"elementor-widget-container\">\n\t\t\t\t\t\t\t\t\t<p><span style=\"text-align: justify;\">N&rsquo;h\u00e9sitez pas \u00e0 consulter <a href=\"https:\/\/voileservicedieppe.my.canva.site\/voile-service-dieppe\">le site de Christophe<\/a> pour de plus amples renseignements\u00a0 https:\/\/voileservicedieppe.my.canva.site\/voile-service-dieppe<\/span><\/p>\t\t\t\t\t\t\t\t<\/div>\n\t\t\t\t<\/div>\n\t\t\t\t\t<\/div>\n\t\t<\/div>\n\t\t\t\t\t<\/div>\n\t\t<\/section>\n\t\t\t\t<\/div>\n\t\t","protected":false},"excerpt":{"rendered":"<p>Un expert \u00e0 votre \u00e9coute\u00a0! 5 th\u00e8mes pour progresser\u00a0: conduite et man\u0153uvre, pilotage, vie \u00e0 bord, s\u00e9curit\u00e9, maintenance Sur bateau \u00e0 moteur ou voilier, sur votre bateau ou\u00a0 sur un bateau du CVD, en demi-journ\u00e9e, journ\u00e9e ou plus Quelques exemples\u00a0de demandes possibles :\u00a0\u2013 man\u0153uvres de port\u2013 r\u00e9glage de mat\u2013 am\u00e9lioration [&hellip;]<\/p>\n","protected":false},"author":1,"featured_media":0,"parent":0,"menu_order":0,"comment_status":"closed","ping_status":"closed","template":"","meta":{"_seopress_robots_primary_cat":"","_seopress_titles_title":"","_seopress_titles_desc":"","_seopress_robots_index":"","_eb_attr":"","footnotes":""},"_links":{"self":[{"href":"https:\/\/www.cvdieppe.fr\/index.php?rest_route=\/wp\/v2\/pages\/2110"}],"collection":[{"href":"https:\/\/www.cvdieppe.fr\/index.php?rest_route=\/wp\/v2\/pages"}],"about":[{"href":"https:\/\/www.cvdieppe.fr\/index.php?rest_route=\/wp\/v2\/types\/page"}],"author":[{"embeddable":true,"href":"https:\/\/www.cvdieppe.fr\/index.php?rest_route=\/wp\/v2\/users\/1"}],"replies":[{"embeddable":true,"href":"https:\/\/www.cvdieppe.fr\/index.php?rest_route=%2Fwp%2Fv2%2Fcomments&post=2110"}],"version-history":[{"count":21,"href":"https:\/\/www.cvdieppe.fr\/index.php?rest_route=\/wp\/v2\/pages\/2110\/revisions"}],"predecessor-version":[{"id":3952,"href":"https:\/\/www.cvdieppe.fr\/index.php?rest_route=\/wp\/v2\/pages\/2110\/revisions\/3952"}],"wp:attachment":[{"href":"https:\/\/www.cvdieppe.fr\/index.php?rest_route=%2Fwp%2Fv2%2Fmedia&parent=2110"}],"curies":[{"name":"wp","href":"https:\/\/api.w.org\/{rel}","templated":true}]}}