{"id":2094,"date":"2021-10-26T16:49:26","date_gmt":"2021-10-26T14:49:26","guid":{"rendered":"https:\/\/www.cvdieppe.fr\/?page_id=2094"},"modified":"2025-11-27T10:39:08","modified_gmt":"2025-11-27T09:39:08","slug":"transmanche-3","status":"publish","type":"page","link":"https:\/\/www.cvdieppe.fr\/?page_id=2094","title":{"rendered":"Transmanche"},"content":{"rendered":"\t\t<div data-elementor-type=\"wp-post\" data-elementor-id=\"2094\" class=\"elementor elementor-2094\">\n\t\t\t\t\t\t<section class=\"elementor-section elementor-top-section elementor-element elementor-element-6b6c6327 elementor-section-boxed elementor-section-height-default elementor-section-height-default\" data-id=\"6b6c6327\" data-element_type=\"section\">\n\t\t\t\t\t\t<div class=\"elementor-container elementor-column-gap-default\">\n\t\t\t\t\t<div class=\"elementor-column elementor-col-100 elementor-top-column elementor-element elementor-element-13acdf8b\" data-id=\"13acdf8b\" data-element_type=\"column\">\n\t\t\t<div class=\"elementor-widget-wrap elementor-element-populated\">\n\t\t\t\t\t\t<div class=\"elementor-element elementor-element-30f403f2 elementor-widget elementor-widget-text-editor\" data-id=\"30f403f2\" data-element_type=\"widget\" data-widget_type=\"text-editor.default\">\n\t\t\t\t<div class=\"elementor-widget-container\">\n\t\t\t\t\t\t\t\t\t<h6>Sur 3, 4, 5 jours, la transmanche \u00e0 destination de l\u2019Angleterre, permet d\u2019aborder la navigation semi hauturi\u00e8re via ses deux travers\u00e9es de la Manche. Le passeport valide et l&rsquo;ETA sont obligatoires pour participer.<\/h6>\n<h6><strong style=\"font-size: inherit; font-family: var( --e-global-typography-text-font-family ), Sans-serif;\">PRATIQUE<\/strong><\/h6>\n<p>Au programme de ces travers\u00e9es : navigation sur carte afin d\u2019approfondir les techniques de positionnement, anticipation de la m\u00e9t\u00e9o, de la route, vie en mer, ma\u00eetriser les manoeuvres moteur et aborder l\u2019aspect maintenance et gestion des pannes simples ainsi que la s\u00e9curit\u00e9 au large.\u00a0<\/p>\n<p>&#8211; sur trois jours, accueil \u00e0 bord la veille \u00e0 18 h, avitaillement et visite d\u00e9taill\u00e9e du bateau, repas en commun et nuit \u00e0 bord \u00e0 quai. D\u00e9part pour Eastbourne, arriv\u00e9e dans l\u2019apr\u00e8s-midi. Le lendemain, d\u00e9part pour Brighton, navigation le long des c\u00f4tes anglaises, arriv\u00e9e pour le repas du midi et apr\u00e8s-midi libre \u00e0 Brighton. Le dernier jour transmanche retour vers Dieppe.<\/p>\n<p><o:p><\/o:p><\/p>\n<p>&#8211; sur quatre jours, accueil \u00e0 bord la veille, avitaillement, visite d\u00e9taill\u00e9e du bateau et d\u00e9part pour une navigation de nuit vers l\u2019ile de Wight. Arriv\u00e9e dans l\u2019apr\u00e8s midi \u00e0 Cowes. Le lendemain, navigation dans le Solent, mouillage\u00a0 et\/ou remont\u00e9e de rivi\u00e8re, nuit \u00e0 Gosport. Le troisi\u00e8me jour, d\u00e9part pour Brighton. Le dernier jour transmanche retour vers Dieppe.<o:p><\/o:p><\/p>\n<p><img fetchpriority=\"high\" decoding=\"async\" width=\"522\" height=\"535\" src=\"https:\/\/www.cvdieppe.fr\/wp-content\/uploads\/ortac-5-1000x1024.jpg\" alt=\"\" srcset=\"https:\/\/www.cvdieppe.fr\/wp-content\/uploads\/ortac-5-1000x1024.jpg 1000w, https:\/\/www.cvdieppe.fr\/wp-content\/uploads\/ortac-5-293x300.jpg 293w, https:\/\/www.cvdieppe.fr\/wp-content\/uploads\/ortac-5-768x786.jpg 768w, https:\/\/www.cvdieppe.fr\/wp-content\/uploads\/ortac-5.jpg 1080w\" sizes=\"(max-width: 750px) 100vw, 750px\" \/><br \/><img decoding=\"async\" width=\"453\" height=\"340\" src=\"https:\/\/www.cvdieppe.fr\/wp-content\/uploads\/transmanche-2.jpg\" alt=\"\" srcset=\"https:\/\/www.cvdieppe.fr\/wp-content\/uploads\/transmanche-2.jpg 453w, https:\/\/www.cvdieppe.fr\/wp-content\/uploads\/transmanche-2-300x225.jpg 300w\" sizes=\"(max-width: 453px) 100vw, 453px\" \/><\/p>\n<p><strong>TARIFS 2026<\/strong><\/p>\n<p>3 jours : 399 \u20ac (hors caisse de bord)<br \/>4 jours : 505 \u20ac (hors caisse de bord)<\/p>\n<p>5 jours : 592 \u20ac (hors caisse de bord)<\/p>\n<p>Compter environ 30\u20ac par jour pour la caisse de bord.<\/p>\n<p>Pour vous inscrire, contactez-nous par mail contact@cvdieppe.fr pour r\u00e9server votre place et vous pouvez vous inscrire en ligne avec le bouton ci-dessous.<\/p>\n<p><\/p>\n<p><strong>Vous avez des questions sur les transmanches, n&rsquo;h\u00e9sitez pas \u00e0 contacter Christophe (skipper du bateau) \u00e0 ch.malandrin@yahoo.fr<\/strong><\/p>\n<p><strong>\u00a0<\/strong><\/p>\n<p><\/p>\n<p><strong>PROGRAMME 2026<\/strong><\/p>\n<p>\u2013 13 au 15 mars (3 jours)<\/p>\n<p>\u2013 10 au 12 avril (3 jours)<\/p>\n<p>&#8211; 8 au 10 mai ( 3 jours)<\/p>\n<p>&#8211; 23 au 25 mai (3 jours)<\/p>\n<p>\u2013 5 au 7 juin\u00a0 (3 jours)<\/p>\n<p>&#8211; 8 au 12 juillet (5 jours)<\/p>\n<p>&#8211; 8 au 12 aout (5 jours)<\/p>\n<p><span style=\"font-size: inherit;\">&#8211; 18 au 20 septembre (3 jours)<\/span><\/p>\n<p>&#8211; 2 au 4 octobre (3 jours)<\/p>\n<p>&#8211; 31\/10 au 2 novembre (3 jours)<\/p>\n<p>Les destinations peuvent varier en fonction de la m\u00e9t\u00e9o.<\/p>\n<p><iframe title=\"Video Ortac\" width=\"750\" height=\"422\" src=\"https:\/\/www.youtube.com\/embed\/EeiErUVCTvs?feature=oembed\" frameborder=\"0\" allow=\"accelerometer; autoplay; clipboard-write; encrypted-media; gyroscope; picture-in-picture; web-share\" referrerpolicy=\"strict-origin-when-cross-origin\" allowfullscreen><\/iframe><\/p>\n<p><\/p>\n<div>\n<div>\n<div>\n<div><a href=\"https:\/\/cvdieppe.axyomes.com\/client\/3-1.php?6b9eb2d0e4f6e0ecd4a7ff2bfd0aa633=1729675635\" target=\"_blank\" rel=\"noopener\">R\u00e9servez en ligne<\/a><\/div>\n<\/div>\n<\/div>\n<\/div>\n<p><\/p>\t\t\t\t\t\t\t\t<\/div>\n\t\t\t\t<\/div>\n\t\t\t\t\t<\/div>\n\t\t<\/div>\n\t\t\t\t\t<\/div>\n\t\t<\/section>\n\t\t\t\t<section class=\"elementor-section elementor-top-section elementor-element elementor-element-539c3f7 elementor-section-boxed elementor-section-height-default elementor-section-height-default\" data-id=\"539c3f7\" data-element_type=\"section\">\n\t\t\t\t\t\t<div class=\"elementor-container elementor-column-gap-default\">\n\t\t\t\t\t<div class=\"elementor-column elementor-col-100 elementor-top-column elementor-element elementor-element-fab9e29\" data-id=\"fab9e29\" data-element_type=\"column\">\n\t\t\t<div class=\"elementor-widget-wrap elementor-element-populated\">\n\t\t\t\t\t\t<div class=\"elementor-element elementor-element-0071f47 elementor-widget elementor-widget-spacer\" data-id=\"0071f47\" data-element_type=\"widget\" data-widget_type=\"spacer.default\">\n\t\t\t\t<div class=\"elementor-widget-container\">\n\t\t\t\t\t\t\t<div class=\"elementor-spacer\">\n\t\t\t<div class=\"elementor-spacer-inner\"><\/div>\n\t\t<\/div>\n\t\t\t\t\t\t<\/div>\n\t\t\t\t<\/div>\n\t\t\t\t\t<\/div>\n\t\t<\/div>\n\t\t\t\t\t<\/div>\n\t\t<\/section>\n\t\t\t\t<\/div>\n\t\t","protected":false},"excerpt":{"rendered":"<p>Sur 3, 4, 5 jours, la transmanche \u00e0 destination de l\u2019Angleterre, permet d\u2019aborder la navigation semi hauturi\u00e8re via ses deux travers\u00e9es de la Manche. Le passeport valide et l&rsquo;ETA sont obligatoires pour participer. PRATIQUE Au programme de ces travers\u00e9es : navigation sur carte afin d\u2019approfondir les techniques de positionnement, anticipation [&hellip;]<\/p>\n","protected":false},"author":1,"featured_media":0,"parent":0,"menu_order":0,"comment_status":"closed","ping_status":"closed","template":"","meta":{"_seopress_robots_primary_cat":"","_seopress_titles_title":"","_seopress_titles_desc":"","_seopress_robots_index":"","_eb_attr":"","footnotes":""},"_links":{"self":[{"href":"https:\/\/www.cvdieppe.fr\/index.php?rest_route=\/wp\/v2\/pages\/2094"}],"collection":[{"href":"https:\/\/www.cvdieppe.fr\/index.php?rest_route=\/wp\/v2\/pages"}],"about":[{"href":"https:\/\/www.cvdieppe.fr\/index.php?rest_route=\/wp\/v2\/types\/page"}],"author":[{"embeddable":true,"href":"https:\/\/www.cvdieppe.fr\/index.php?rest_route=\/wp\/v2\/users\/1"}],"replies":[{"embeddable":true,"href":"https:\/\/www.cvdieppe.fr\/index.php?rest_route=%2Fwp%2Fv2%2Fcomments&post=2094"}],"version-history":[{"count":78,"href":"https:\/\/www.cvdieppe.fr\/index.php?rest_route=\/wp\/v2\/pages\/2094\/revisions"}],"predecessor-version":[{"id":4391,"href":"https:\/\/www.cvdieppe.fr\/index.php?rest_route=\/wp\/v2\/pages\/2094\/revisions\/4391"}],"wp:attachment":[{"href":"https:\/\/www.cvdieppe.fr\/index.php?rest_route=%2Fwp%2Fv2%2Fmedia&parent=2094"}],"curies":[{"name":"wp","href":"https:\/\/api.w.org\/{rel}","templated":true}]}}