{"id":171,"date":"2018-04-05T12:06:56","date_gmt":"2018-04-05T10:06:56","guid":{"rendered":"http:\/\/www.cvdieppe.fr\/?page_id=171"},"modified":"2022-11-29T16:36:56","modified_gmt":"2022-11-29T15:36:56","slug":"le-hangar","status":"publish","type":"page","link":"https:\/\/www.cvdieppe.fr\/?page_id=171","title":{"rendered":"Le Hangar"},"content":{"rendered":"\t\t<div data-elementor-type=\"wp-post\" data-elementor-id=\"171\" class=\"elementor elementor-171\">\n\t\t\t\t\t\t<section class=\"elementor-section elementor-top-section elementor-element elementor-element-8fc667b elementor-section-boxed elementor-section-height-default elementor-section-height-default\" data-id=\"8fc667b\" data-element_type=\"section\">\n\t\t\t\t\t\t<div class=\"elementor-container elementor-column-gap-default\">\n\t\t\t\t\t<div class=\"elementor-column elementor-col-100 elementor-top-column elementor-element elementor-element-c65dbf3\" data-id=\"c65dbf3\" data-element_type=\"column\">\n\t\t\t<div class=\"elementor-widget-wrap elementor-element-populated\">\n\t\t\t\t\t\t<div class=\"elementor-element elementor-element-40fbc37 elementor-widget elementor-widget-text-editor\" data-id=\"40fbc37\" data-element_type=\"widget\" data-widget_type=\"text-editor.default\">\n\t\t\t\t<div class=\"elementor-widget-container\">\n\t\t\t\t\t\t\t\t\t<p>Le Cercle de la Voile de Dieppe met \u00e0 disposition des ses adh\u00e9rents un hangar \u00e0 tarif pr\u00e9f\u00e9rentiel pour hiverner son bateau ou pour faire des r\u00e9parations au sec. L\u2019\u00e9lectricit\u00e9 et l\u2019eau sont pr\u00e9sents dans celui-ci. Votre bateau pourra \u00eatre stocker \u00e0 l\u2019int\u00e9rieur du hangar ou sur le terrain \u00e0 l\u2019ext\u00e9rieur. Vous pourrez trouver une aide pour rentrer votre bateau dans le hangar ou pouvoir le stocker sur cale.<\/p><p>Afin d\u2019avoir acc\u00e8s au hangar vous devrez remplir les documents et nous les rapporter au bureau du Cercle de la Voile de Dieppe qui vous donnera \u00e0 ce moment les codes d\u2019acc\u00e8s.<\/p>\t\t\t\t\t\t\t\t<\/div>\n\t\t\t\t<\/div>\n\t\t\t\t\t<\/div>\n\t\t<\/div>\n\t\t\t\t\t<\/div>\n\t\t<\/section>\n\t\t\t\t<\/div>\n\t\t","protected":false},"excerpt":{"rendered":"<p>Le Cercle de la Voile de Dieppe met \u00e0 disposition des ses adh\u00e9rents un hangar \u00e0 tarif pr\u00e9f\u00e9rentiel pour hiverner son bateau ou pour faire des r\u00e9parations au sec. L\u2019\u00e9lectricit\u00e9 et l\u2019eau sont pr\u00e9sents dans celui-ci. Votre bateau pourra \u00eatre stocker \u00e0 l\u2019int\u00e9rieur du hangar ou sur le terrain \u00e0 [&hellip;]<\/p>\n","protected":false},"author":1,"featured_media":0,"parent":0,"menu_order":0,"comment_status":"closed","ping_status":"closed","template":"","meta":{"_seopress_robots_primary_cat":"","_seopress_titles_title":"","_seopress_titles_desc":"","_seopress_robots_index":"","_eb_attr":"","footnotes":""},"_links":{"self":[{"href":"https:\/\/www.cvdieppe.fr\/index.php?rest_route=\/wp\/v2\/pages\/171"}],"collection":[{"href":"https:\/\/www.cvdieppe.fr\/index.php?rest_route=\/wp\/v2\/pages"}],"about":[{"href":"https:\/\/www.cvdieppe.fr\/index.php?rest_route=\/wp\/v2\/types\/page"}],"author":[{"embeddable":true,"href":"https:\/\/www.cvdieppe.fr\/index.php?rest_route=\/wp\/v2\/users\/1"}],"replies":[{"embeddable":true,"href":"https:\/\/www.cvdieppe.fr\/index.php?rest_route=%2Fwp%2Fv2%2Fcomments&post=171"}],"version-history":[{"count":7,"href":"https:\/\/www.cvdieppe.fr\/index.php?rest_route=\/wp\/v2\/pages\/171\/revisions"}],"predecessor-version":[{"id":2989,"href":"https:\/\/www.cvdieppe.fr\/index.php?rest_route=\/wp\/v2\/pages\/171\/revisions\/2989"}],"wp:attachment":[{"href":"https:\/\/www.cvdieppe.fr\/index.php?rest_route=%2Fwp%2Fv2%2Fmedia&parent=171"}],"curies":[{"name":"wp","href":"https:\/\/api.w.org\/{rel}","templated":true}]}}