{"id":162,"date":"2018-04-05T11:57:54","date_gmt":"2018-04-05T09:57:54","guid":{"rendered":"http:\/\/www.cvdieppe.fr\/?page_id=162"},"modified":"2026-01-12T16:13:21","modified_gmt":"2026-01-12T15:13:21","slug":"boutique","status":"publish","type":"page","link":"https:\/\/www.cvdieppe.fr\/?page_id=162","title":{"rendered":"Devenir adh\u00e9rent"},"content":{"rendered":"<p><strong>Devenir membre du Cercle de la Voile de Dieppe<\/strong>, c&rsquo;est int\u00e9grer un club de voile fond\u00e9 en 1935, reconnu d&rsquo;utilit\u00e9 publique et charg\u00e9 d&rsquo;histoire!<\/p>\n<p>Devenir membre du CVD, c&rsquo;est avoir la possibilit\u00e9 d&rsquo;acc\u00e9der aux formations propos\u00e9es par le centre de formation, le droit de participer aux r\u00e9gates de l&rsquo;association, celui d&rsquo;acc\u00e9der au club-house et \u00e0 ses activit\u00e9s.<\/p>\n<p>En tant que <strong>membre actif,<\/strong> vous b\u00e9n\u00e9ficierez de tarifs pr\u00e9f\u00e9rentiels sur les prestations \u00e9cole de voile, de la possibilit\u00e9 de privatiser le club-house, d&rsquo;une mise \u00e0 disposition des bateaux du club, de l&rsquo;usage du hangar, de la possibilit\u00e9 d&rsquo;adh\u00e9rer au club croisi\u00e8re.<\/p>\n<p>L&rsquo;adh\u00e9sion <strong>membre associ\u00e9<\/strong> convient parfaitement \u00e0 des personnes qui ne souhaitent pas naviguer, mais seulement partager la vie associative du club \u00e0 terre. Cette adh\u00e9sion est le minimum requis pour acc\u00e9der aux formations de l&rsquo;\u00e9cole de voile<\/p>\n<p>Tarif des adh\u00e9sions <strong>membre actif<\/strong><\/p>\n<p>Adulte \u00a0 75 \u20ac<\/p>\n<p>Couple \u00a0 110\u20ac<\/p>\n<p>Famille \u00a0150\u20ac<\/p>\n<p>jeune de &#8211; de 18 ans et \u00e9tudiant \u00a0 20 \u20ac<\/p>\n<p>membre de moins de 25 ans \u00a0 40 \u20ac<\/p>\n<p>Personne morale \u00a0 270\u20ac<\/p>\n<p>Membre donateur \u00a0 \u00a0 \u00e0 partir de 500 \u20ac<\/p>\n<p>Tarif de l&rsquo;adh\u00e9sion membre associ\u00e9 \u00a0 \u00a0 25 \u20ac<\/p>\n<p>Une <strong>LICENCE<\/strong> aupr\u00e8s de la F\u00e9d\u00e9ration Fran\u00e7aise de Voile est indispensable pour participer aux r\u00e9gates et suivre les formations<\/p>\n<p>Adulte \u00a072 \u20ac, jeune 33\u20ac, licence temporaire 1 jour \u00a026 \u20ac, ou 4 jours\u00a0 55 \u20ac,<\/p>\n<p>Passeport voile 14.50 \u20ac<\/p>\n<p><a href=\"https:\/\/www.cvdieppe.fr\/wp-content\/uploads\/Appel-cotisation-26.pdf\">Appel \u00e0 cotisation 2026<\/a><\/p>\n","protected":false},"excerpt":{"rendered":"<p>Devenir membre du Cercle de la Voile de Dieppe, c&rsquo;est int\u00e9grer un club de voile fond\u00e9 en 1935, reconnu d&rsquo;utilit\u00e9 publique et charg\u00e9 d&rsquo;histoire! Devenir membre du CVD, c&rsquo;est avoir la possibilit\u00e9 d&rsquo;acc\u00e9der aux formations propos\u00e9es par le centre de formation, le droit de participer aux r\u00e9gates de l&rsquo;association, celui [&hellip;]<\/p>\n","protected":false},"author":1,"featured_media":0,"parent":0,"menu_order":0,"comment_status":"closed","ping_status":"closed","template":"","meta":{"_seopress_robots_primary_cat":"","_seopress_titles_title":"","_seopress_titles_desc":"","_seopress_robots_index":"","_eb_attr":"","footnotes":""},"_links":{"self":[{"href":"https:\/\/www.cvdieppe.fr\/index.php?rest_route=\/wp\/v2\/pages\/162"}],"collection":[{"href":"https:\/\/www.cvdieppe.fr\/index.php?rest_route=\/wp\/v2\/pages"}],"about":[{"href":"https:\/\/www.cvdieppe.fr\/index.php?rest_route=\/wp\/v2\/types\/page"}],"author":[{"embeddable":true,"href":"https:\/\/www.cvdieppe.fr\/index.php?rest_route=\/wp\/v2\/users\/1"}],"replies":[{"embeddable":true,"href":"https:\/\/www.cvdieppe.fr\/index.php?rest_route=%2Fwp%2Fv2%2Fcomments&post=162"}],"version-history":[{"count":40,"href":"https:\/\/www.cvdieppe.fr\/index.php?rest_route=\/wp\/v2\/pages\/162\/revisions"}],"predecessor-version":[{"id":4450,"href":"https:\/\/www.cvdieppe.fr\/index.php?rest_route=\/wp\/v2\/pages\/162\/revisions\/4450"}],"wp:attachment":[{"href":"https:\/\/www.cvdieppe.fr\/index.php?rest_route=%2Fwp%2Fv2%2Fmedia&parent=162"}],"curies":[{"name":"wp","href":"https:\/\/api.w.org\/{rel}","templated":true}]}}