{"id":1442,"date":"2019-12-31T18:30:27","date_gmt":"2019-12-31T17:30:27","guid":{"rendered":"http:\/\/www.cvdieppe.fr\/?page_id=1442"},"modified":"2019-12-31T18:39:42","modified_gmt":"2019-12-31T17:39:42","slug":"calendriers-2020-2","status":"publish","type":"page","link":"https:\/\/www.cvdieppe.fr\/?page_id=1442","title":{"rendered":"Calendriers 2020"},"content":{"rendered":"\t\t<div data-elementor-type=\"wp-page\" data-elementor-id=\"1442\" class=\"elementor elementor-1442\">\n\t\t\t\t\t\t<section class=\"elementor-section elementor-top-section elementor-element elementor-element-3f5c4dd4 elementor-section-boxed elementor-section-height-default elementor-section-height-default\" data-id=\"3f5c4dd4\" data-element_type=\"section\">\n\t\t\t\t\t\t<div class=\"elementor-container elementor-column-gap-default\">\n\t\t\t\t\t<div class=\"elementor-column elementor-col-100 elementor-top-column elementor-element elementor-element-50c256cf\" data-id=\"50c256cf\" data-element_type=\"column\">\n\t\t\t<div class=\"elementor-widget-wrap elementor-element-populated\">\n\t\t\t\t\t\t<div class=\"elementor-element elementor-element-5138820 elementor-widget elementor-widget-text-editor\" data-id=\"5138820\" data-element_type=\"widget\" data-widget_type=\"text-editor.default\">\n\t\t\t\t<div class=\"elementor-widget-container\">\n\t\t\t\t\t\t\t\t\t<p>Retrouvez d\u00e8s \u00e0 pr\u00e9sent les diff\u00e9rents calendriers de nos activit\u00e9s 2020.<\/p>\n<p>Un calendrier g\u00e9n\u00e9ral contenant toutes les activit\u00e9s propos\u00e9es et des calendriers th\u00e9matiques pour pouvoir acc\u00e9der plus vite \u00e0 l&rsquo;objet de sa recherche.<\/p>\n<p><a href=\"https:\/\/www.cvdieppe.fr\/wp-content\/uploads\/Calendrier-du-centre-de-formation-complet-2020-1.pdf\" target=\"_blank\" rel=\"noopener\">Calendrier 2020<\/a><br \/>Calendrier enfants \/ ados (\u00e0 venir)<br \/><a href=\"https:\/\/www.cvdieppe.fr\/wp-content\/uploads\/Calendrier-croisi\u00e8res-2020.pdf\" target=\"_blank\" rel=\"noopener\">Calendrier croisi\u00e8res<\/a><br \/><a href=\"https:\/\/www.cvdieppe.fr\/wp-content\/uploads\/Calendrier-permis-2020.pdf\" target=\"_blank\" rel=\"noopener\">Calendrier permis mer<\/a><br \/><a href=\"https:\/\/www.cvdieppe.fr\/wp-content\/uploads\/Calendrier-r\u00e9gates-2020.pdf\" target=\"_blank\" rel=\"noopener\">Calendrier r\u00e9gates<\/a><br \/><a href=\"https:\/\/www.cvdieppe.fr\/wp-content\/uploads\/Calendrier-port-2020.pdf\" target=\"_blank\" rel=\"noopener\">Calendrier man\u0153uvres de port<\/a><\/p>\t\t\t\t\t\t\t\t<\/div>\n\t\t\t\t<\/div>\n\t\t\t\t<div class=\"elementor-element elementor-element-79653727 elementor-widget elementor-widget-text-editor\" data-id=\"79653727\" data-element_type=\"widget\" data-widget_type=\"text-editor.default\">\n\t\t\t\t<div class=\"elementor-widget-container\">\n\t\t\t\t\t\t\t\t\t\n<div class=\"wp-block-themeisle-blocks-advanced-columns has-1-columns has-desktop-equal-layout has-tablet-equal-layout has-mobile-equal-layout has-default-gap has-vertical-unset\" id=\"wp-block-themeisle-blocks-advanced-columns-86c7e7c9\" style=\"border-radius: 0px; justify-content: unset; border: 0px solid #000000;\">\n<div class=\"wp-themeisle-block-overlay\" style=\"opacity: 0.5; mix-blend-mode: normal;\"><\/div>\n<div class=\"innerblocks-wrap\">\n<div class=\"wp-block-themeisle-blocks-advanced-column\" id=\"wp-block-themeisle-blocks-advanced-column-d58a59f7\" style=\"border-radius: 0px; border: 0px solid #000000;\">\n<p><\/p>\n<\/div>\n<div class=\"wp-block-themeisle-blocks-advanced-column\" id=\"wp-block-themeisle-blocks-advanced-column-d58a59f7\" style=\"border-radius: 0px; border: 0px solid #000000;\">\n<p><\/p>\n<p><\/p>\n<\/div>\n<\/div>\n<\/div>\n\t\t\t\t\t\t\t\t<\/div>\n\t\t\t\t<\/div>\n\t\t\t\t\t<\/div>\n\t\t<\/div>\n\t\t\t\t\t<\/div>\n\t\t<\/section>\n\t\t\t\t<\/div>\n\t\t","protected":false},"excerpt":{"rendered":"<p>Retrouvez d\u00e8s \u00e0 pr\u00e9sent les diff\u00e9rents calendriers de nos activit\u00e9s 2020. Un calendrier g\u00e9n\u00e9ral contenant toutes les activit\u00e9s propos\u00e9es et des calendriers th\u00e9matiques pour pouvoir acc\u00e9der plus vite \u00e0 l&rsquo;objet de sa recherche. Calendrier 2020Calendrier enfants \/ ados (\u00e0 venir)Calendrier croisi\u00e8resCalendrier permis merCalendrier r\u00e9gatesCalendrier man\u0153uvres de port<\/p>\n","protected":false},"author":1,"featured_media":0,"parent":0,"menu_order":0,"comment_status":"closed","ping_status":"closed","template":"","meta":{"_seopress_robots_primary_cat":"","_seopress_titles_title":"","_seopress_titles_desc":"","_seopress_robots_index":"","_eb_attr":"","footnotes":""},"_links":{"self":[{"href":"https:\/\/www.cvdieppe.fr\/index.php?rest_route=\/wp\/v2\/pages\/1442"}],"collection":[{"href":"https:\/\/www.cvdieppe.fr\/index.php?rest_route=\/wp\/v2\/pages"}],"about":[{"href":"https:\/\/www.cvdieppe.fr\/index.php?rest_route=\/wp\/v2\/types\/page"}],"author":[{"embeddable":true,"href":"https:\/\/www.cvdieppe.fr\/index.php?rest_route=\/wp\/v2\/users\/1"}],"replies":[{"embeddable":true,"href":"https:\/\/www.cvdieppe.fr\/index.php?rest_route=%2Fwp%2Fv2%2Fcomments&post=1442"}],"version-history":[{"count":5,"href":"https:\/\/www.cvdieppe.fr\/index.php?rest_route=\/wp\/v2\/pages\/1442\/revisions"}],"predecessor-version":[{"id":2081,"href":"https:\/\/www.cvdieppe.fr\/index.php?rest_route=\/wp\/v2\/pages\/1442\/revisions\/2081"}],"wp:attachment":[{"href":"https:\/\/www.cvdieppe.fr\/index.php?rest_route=%2Fwp%2Fv2%2Fmedia&parent=1442"}],"curies":[{"name":"wp","href":"https:\/\/api.w.org\/{rel}","templated":true}]}}