{"id":135,"date":"2018-04-05T11:27:59","date_gmt":"2018-04-05T09:27:59","guid":{"rendered":"http:\/\/www.cvdieppe.fr\/?page_id=135"},"modified":"2024-03-20T19:00:08","modified_gmt":"2024-03-20T18:00:08","slug":"croisieres-en-flottille","status":"publish","type":"page","link":"https:\/\/www.cvdieppe.fr\/?page_id=135","title":{"rendered":"Croisi\u00e8res en flottille 2024"},"content":{"rendered":"\t\t<div data-elementor-type=\"wp-post\" data-elementor-id=\"135\" class=\"elementor elementor-135\">\n\t\t\t\t\t\t<section class=\"elementor-section elementor-top-section elementor-element elementor-element-9a261a4 elementor-section-boxed elementor-section-height-default elementor-section-height-default\" data-id=\"9a261a4\" data-element_type=\"section\">\n\t\t\t\t\t\t<div class=\"elementor-container elementor-column-gap-default\">\n\t\t\t\t\t<div class=\"elementor-column elementor-col-100 elementor-top-column elementor-element elementor-element-5d708a0\" data-id=\"5d708a0\" data-element_type=\"column\">\n\t\t\t<div class=\"elementor-widget-wrap elementor-element-populated\">\n\t\t\t\t\t\t<div class=\"elementor-element elementor-element-05af704 elementor-widget elementor-widget-menu-anchor\" data-id=\"05af704\" data-element_type=\"widget\" data-widget_type=\"menu-anchor.default\">\n\t\t\t\t<div class=\"elementor-widget-container\">\n\t\t\t\t\t\t\t<div class=\"elementor-menu-anchor\" id=\"ophelie\"><\/div>\n\t\t\t\t\t\t<\/div>\n\t\t\t\t<\/div>\n\t\t\t\t<div class=\"elementor-element elementor-element-9830f17 elementor-widget elementor-widget-heading\" data-id=\"9830f17\" data-element_type=\"widget\" data-widget_type=\"heading.default\">\n\t\t\t\t<div class=\"elementor-widget-container\">\n\t\t\t\t\t<h1 class=\"elementor-heading-title elementor-size-default\">Programme 2024<\/h1>\t\t\t\t<\/div>\n\t\t\t\t<\/div>\n\t\t\t\t<div class=\"elementor-element elementor-element-b9f9bd6 elementor-widget elementor-widget-heading\" data-id=\"b9f9bd6\" data-element_type=\"widget\" data-widget_type=\"heading.default\">\n\t\t\t\t<div class=\"elementor-widget-container\">\n\t\t\t\t\t<h6 class=\"elementor-heading-title elementor-size-default\"><table class=\"MsoTableGrid\" border=\"1\" cellspacing=\"0\" cellpadding=\"0\" style=\"border: none\">\n <tbody><tr style=\"height:15.25pt\">\n  <td width=\"189\" valign=\"top\" style=\"width:141.5pt;border:solid windowtext 1.0pt;padding:0cm 5.4pt 0cm 5.4pt;height:15.25pt\">\n  <p class=\"MsoNormal\" style=\"margin-bottom:0cm;line-height:normal\">Description <\/p>\n  <\/td>\n  <td width=\"151\" valign=\"top\" style=\"width:4.0cm;border:solid windowtext 1.0pt;border-left:none;padding:0cm 5.4pt 0cm 5.4pt;height:15.25pt\">\n  <p class=\"MsoNormal\" style=\"margin-bottom:0cm;line-height:normal\">Dates<\/p>\n  <\/td>\n  <td width=\"170\" valign=\"top\" style=\"width:127.6pt;border:solid windowtext 1.0pt;border-left:none;padding:0cm 5.4pt 0cm 5.4pt;height:15.25pt\"><br><p class=\"MsoNormal\" style=\"margin-bottom:0cm;line-height:normal\">lieu<span style=\"background-color: transparent;color: inherit\">  <\/span><\/p><\/td>\n  <td width=\"94\" valign=\"top\" style=\"width:70.6pt;border:solid windowtext 1.0pt;border-left:none;padding:0cm 5.4pt 0cm 5.4pt;height:15.25pt\">\n  <p class=\"MsoNormal\" style=\"margin-bottom:0cm;line-height:normal\">Organisation<\/p>\n  <\/td>\n <\/tr>\n <tr>\n  <td width=\"189\" valign=\"top\" style=\"width:141.5pt;border:solid windowtext 1.0pt;border-top:none;padding:0cm 5.4pt 0cm 5.4pt\"><br><p class=\"MsoNormal\" style=\"margin-bottom:0cm;line-height:normal\">Rallye\n  Ascension <span style=\"background-color: transparent;color: inherit\"> <\/span><\/p><\/td>\n  <td width=\"151\" valign=\"top\" style=\"width:4.0cm;border-top:none;border-left:none;border-bottom:solid windowtext 1.0pt;border-right:solid windowtext 1.0pt;padding:0cm 5.4pt 0cm 5.4pt\">\n  <p class=\"MsoNormal\" style=\"margin-bottom:0cm;line-height:normal\">Mardi 7 mai\n  soir au Dimanche 12 mai. <\/p>\n  <\/td>\n  <td width=\"170\" valign=\"top\" style=\"width:127.6pt;border-top:none;border-left:  none;border-bottom:solid windowtext 1.0pt;border-right:solid windowtext 1.0pt;padding:0cm 5.4pt 0cm 5.4pt\">\n  <p class=\"MsoNormal\" style=\"margin-bottom:0cm;line-height:normal\">Dieppe \u2013 Ile\n  de Wight - Dieppe<\/p>\n  <\/td>\n  <td width=\"94\" valign=\"top\" style=\"width:70.6pt;border-top:none;border-left:none;border-bottom:solid windowtext 1.0pt;border-right:solid windowtext 1.0pt;padding:0cm 5.4pt 0cm 5.4pt\"> <p class=\"MsoNormal\" style=\"margin-bottom:0cm;line-height:normal\">CVD<\/p><\/td>\n <\/tr>\n <tr>\n  <td width=\"189\" valign=\"top\" style=\"width:141.5pt;border:solid windowtext 1.0pt;border-top:none;padding:0cm 5.4pt 0cm 5.4pt\">\n  <p class=\"MsoNormal\" style=\"margin-bottom:0cm;line-height:normal\">Rallye\n  Oph\u00e9lie** (en marge du troph\u00e9e Oph\u00e9lie)<\/p>\n  <\/td>\n  <td width=\"151\" valign=\"top\" style=\"width:4.0cm;border-top:none;border-left:none;border-bottom:solid windowtext 1.0pt;border-right:solid windowtext 1.0pt;padding:0cm 5.4pt 0cm 5.4pt\">\n  <p class=\"MsoNormal\" style=\"margin-bottom:0cm;line-height:normal\">29 et 30\n  juin&nbsp;&nbsp; <\/p>\n  <\/td>\n  <td width=\"170\" valign=\"top\" style=\"width:127.6pt;border-top:none;border-left:  none;border-bottom:solid windowtext 1.0pt;border-right:solid windowtext 1.0pt;padding:0cm 5.4pt 0cm 5.4pt\">\n  <p class=\"MsoNormal\" style=\"margin-bottom:0cm;line-height:normal\">Dieppe-bou\u00e9e\n  Oph\u00e9lie - Dieppe <\/p>\n  <\/td>\n  <td width=\"94\" valign=\"top\" style=\"width:70.6pt;border-top:none;border-left:none;border-bottom:solid windowtext 1.0pt;border-right:solid windowtext 1.0pt;padding:0cm 5.4pt 0cm 5.4pt\">\n  <p class=\"MsoNormal\" style=\"margin-bottom:0cm;line-height:normal\">CVD <\/p>\n  <\/td>\n <\/tr>\n <tr>\n  <td width=\"189\" valign=\"top\" style=\"width:141.5pt;border:solid windowtext 1.0pt;border-top:none;padding:0cm 5.4pt 0cm 5.4pt\">\n  <p class=\"MsoNormal\" style=\"margin-bottom:0cm;line-height:normal\">Croisi\u00e8re\n  estivale<\/p>\n  <\/td>\n  <td width=\"151\" valign=\"top\" style=\"width:4.0cm;border-top:none;border-left:none;border-bottom:solid windowtext 1.0pt;border-right:solid windowtext 1.0pt;padding:0cm 5.4pt 0cm 5.4pt\">\n  <p class=\"MsoNormal\" style=\"margin-bottom:0cm;line-height:normal\">2eme\n  Quinzaine Aout<\/p>\n  <\/td>\n  <td width=\"170\" valign=\"top\" style=\"width:127.6pt;border-top:none;border-left:  none;border-bottom:solid windowtext 1.0pt;border-right:solid windowtext 1.0pt;padding:0cm 5.4pt 0cm 5.4pt\">\n  <p class=\"MsoNormal\" style=\"margin-bottom:0cm;line-height:normal\">Dieppe \u2013\n  Londres \u2013 Dieppe<\/p>\n  <\/td>\n  <td width=\"94\" valign=\"top\" style=\"width:70.6pt;border-top:none;border-left:none;border-bottom:solid windowtext 1.0pt;border-right:solid windowtext 1.0pt;padding:0cm 5.4pt 0cm 5.4pt\">\n  <p class=\"MsoNormal\" style=\"margin-bottom:0cm;line-height:normal\">CVD<\/p>\n  <\/td>\n <\/tr>\n <tr>\n  <td width=\"189\" valign=\"top\" style=\"width:141.5pt;border:solid windowtext 1.0pt;border-top:none;padding:0cm 5.4pt 0cm 5.4pt\">\n  <p class=\"MsoNormal\" style=\"margin-bottom:0cm;line-height:normal\">Croisi\u00e8re de\n  septembre**<\/p>\n  <\/td>\n  <td width=\"151\" valign=\"top\" style=\"width:4.0cm;border-top:none;border-left:none;border-bottom:solid windowtext 1.0pt;border-right:solid windowtext 1.0pt;padding:0cm 5.4pt 0cm 5.4pt\">\n  <p class=\"MsoNormal\" style=\"margin-bottom:0cm;line-height:normal\">21 au 29\n  septembre <\/p>\n  <\/td>\n  <td width=\"170\" valign=\"top\" style=\"width:127.6pt;border-top:none;border-left:  none;border-bottom:solid windowtext 1.0pt;border-right:solid windowtext 1.0pt;padding:0cm 5.4pt 0cm 5.4pt\">\n  <p class=\"MsoNormal\" style=\"margin-bottom:0cm;line-height:normal\">Croatie<\/p>\n  <\/td>\n  <td width=\"94\" valign=\"top\" style=\"width:70.6pt;border-top:none;border-left:none;border-bottom:solid windowtext 1.0pt;border-right:solid windowtext 1.0pt;padding:0cm 5.4pt 0cm 5.4pt\">\n  <p class=\"MsoNormal\" style=\"margin-bottom:0cm;line-height:normal\">CVD<\/p>\n  <\/td>\n <\/tr>\n<\/tbody><\/table>\n<p class=\"MsoNormal\">** Se r\u00e9f\u00e9rer aux communications sp\u00e9cifiques \u00e0 ces\nmanifestations<\/p>\n<p class=\"MsoNormal\">&nbsp; Pour le Rallye de l\u2019ascension et la croisi\u00e8re estivale des r\u00e9unions de pr\u00e9parations vont vous\n\u00eates propos\u00e9es afin de valider le programme de navigation.&nbsp; <\/p>\n\n<\/h6>\t\t\t\t<\/div>\n\t\t\t\t<\/div>\n\t\t\t\t<div class=\"elementor-element elementor-element-8e9a21f elementor-widget elementor-widget-image\" data-id=\"8e9a21f\" data-element_type=\"widget\" data-widget_type=\"image.default\">\n\t\t\t\t<div class=\"elementor-widget-container\">\n\t\t\t\t\t\t\t\t\t\t\t\t\t\t\t<img decoding=\"async\" width=\"1\" height=\"1\" src=\"https:\/\/www.cvdieppe.fr\/wp-content\/uploads\/affiche-sardaigne.jpg\" class=\"attachment-medium_large size-medium_large wp-image-2475\" alt=\"\" \/>\t\t\t\t\t\t\t\t\t\t\t\t\t\t\t<\/div>\n\t\t\t\t<\/div>\n\t\t\t\t\t<\/div>\n\t\t<\/div>\n\t\t\t\t\t<\/div>\n\t\t<\/section>\n\t\t\t\t<\/div>\n\t\t","protected":false},"excerpt":{"rendered":"<p>Programme 2024 Description Dates lieu Organisation Rallye Ascension Mardi 7 mai soir au Dimanche 12 mai. Dieppe \u2013 Ile de Wight &#8211; Dieppe CVD Rallye Oph\u00e9lie** (en marge du troph\u00e9e Oph\u00e9lie) 29 et 30 juin&nbsp;&nbsp; Dieppe-bou\u00e9e Oph\u00e9lie &#8211; Dieppe CVD Croisi\u00e8re estivale 2eme Quinzaine Aout Dieppe \u2013 Londres \u2013 Dieppe [&hellip;]<\/p>\n","protected":false},"author":1,"featured_media":0,"parent":0,"menu_order":0,"comment_status":"closed","ping_status":"closed","template":"","meta":{"_seopress_robots_primary_cat":"","_seopress_titles_title":"","_seopress_titles_desc":"","_seopress_robots_index":"","_eb_attr":"","footnotes":""},"_links":{"self":[{"href":"https:\/\/www.cvdieppe.fr\/index.php?rest_route=\/wp\/v2\/pages\/135"}],"collection":[{"href":"https:\/\/www.cvdieppe.fr\/index.php?rest_route=\/wp\/v2\/pages"}],"about":[{"href":"https:\/\/www.cvdieppe.fr\/index.php?rest_route=\/wp\/v2\/types\/page"}],"author":[{"embeddable":true,"href":"https:\/\/www.cvdieppe.fr\/index.php?rest_route=\/wp\/v2\/users\/1"}],"replies":[{"embeddable":true,"href":"https:\/\/www.cvdieppe.fr\/index.php?rest_route=%2Fwp%2Fv2%2Fcomments&post=135"}],"version-history":[{"count":53,"href":"https:\/\/www.cvdieppe.fr\/index.php?rest_route=\/wp\/v2\/pages\/135\/revisions"}],"predecessor-version":[{"id":3609,"href":"https:\/\/www.cvdieppe.fr\/index.php?rest_route=\/wp\/v2\/pages\/135\/revisions\/3609"}],"wp:attachment":[{"href":"https:\/\/www.cvdieppe.fr\/index.php?rest_route=%2Fwp%2Fv2%2Fmedia&parent=135"}],"curies":[{"name":"wp","href":"https:\/\/api.w.org\/{rel}","templated":true}]}}