{"id":125,"date":"2018-04-05T11:24:06","date_gmt":"2018-04-05T09:24:06","guid":{"rendered":"http:\/\/www.cvdieppe.fr\/?page_id=125"},"modified":"2024-07-11T12:05:54","modified_gmt":"2024-07-11T10:05:54","slug":"club-croisiere","status":"publish","type":"page","link":"https:\/\/www.cvdieppe.fr\/?page_id=125","title":{"rendered":"Voile Loisir Habitable niveau 4 et 5"},"content":{"rendered":"\t\t<div data-elementor-type=\"wp-post\" data-elementor-id=\"125\" class=\"elementor elementor-125\">\n\t\t\t\t\t\t<section class=\"elementor-section elementor-top-section elementor-element elementor-element-044e4ee elementor-section-boxed elementor-section-height-default elementor-section-height-default\" data-id=\"044e4ee\" data-element_type=\"section\">\n\t\t\t\t\t\t<div class=\"elementor-container elementor-column-gap-default\">\n\t\t\t\t\t<div class=\"elementor-column elementor-col-100 elementor-top-column elementor-element elementor-element-9d328fe\" data-id=\"9d328fe\" data-element_type=\"column\">\n\t\t\t<div class=\"elementor-widget-wrap elementor-element-populated\">\n\t\t\t\t\t\t<div class=\"elementor-element elementor-element-820bf12 elementor-widget elementor-widget-heading\" data-id=\"820bf12\" data-element_type=\"widget\" data-widget_type=\"heading.default\">\n\t\t\t\t<div class=\"elementor-widget-container\">\n\t\t\t\t\t<h3 class=\"elementor-heading-title elementor-size-default\">Une inscription unique...\n<\/br>...pour une navigation sans limite !<\/h3>\t\t\t\t<\/div>\n\t\t\t\t<\/div>\n\t\t\t\t<div class=\"elementor-element elementor-element-790cee8 elementor-widget elementor-widget-text-editor\" data-id=\"790cee8\" data-element_type=\"widget\" data-widget_type=\"text-editor.default\">\n\t\t\t\t<div class=\"elementor-widget-container\">\n\t\t\t\t\t\t\t\t\t<p>Sur un voilier facile \u00e0 manier et bien \u00e9quip\u00e9, c\u2019est la possibilit\u00e9 de naviguer en libert\u00e9 sans les contraintes d\u2019un stage et sans avoir \u00e0 assumer l\u2019entretien d\u2019un bateau ; c\u2019est la possibilit\u00e9 d\u2019exercer pleinement sa responsabilit\u00e9 de chef de bord ; c\u2019est une bonne mani\u00e8re de maintenir ou d\u2019accro\u00eetre ses comp\u00e9tences pour des locations plus sereines ; c\u2019est la possibilit\u00e9 de partager sa passion avec ses amis et de faire des rencontres.<\/p>\t\t\t\t\t\t\t\t<\/div>\n\t\t\t\t<\/div>\n\t\t\t\t<div class=\"elementor-element elementor-element-1078e5e elementor-widget-divider--separator-type-pattern elementor-widget-divider--view-line elementor-widget elementor-widget-divider\" data-id=\"1078e5e\" data-element_type=\"widget\" data-widget_type=\"divider.default\">\n\t\t\t\t<div class=\"elementor-widget-container\">\n\t\t\t\t\t\t\t<div class=\"elementor-divider\" style=\"--divider-pattern-url: url(&quot;data:image\/svg+xml,%3Csvg xmlns=&#039;http:\/\/www.w3.org\/2000\/svg&#039; preserveAspectRatio=&#039;none&#039; overflow=&#039;visible&#039; height=&#039;100%&#039; viewBox=&#039;0 0 24 24&#039; fill=&#039;none&#039; stroke=&#039;black&#039; stroke-width=&#039;1&#039; stroke-linecap=&#039;square&#039; stroke-miterlimit=&#039;10&#039;%3E%3Cpath d=&#039;M0,21c3.3,0,8.3-0.9,15.7-7.1c6.6-5.4,4.4-9.3,2.4-10.3c-3.4-1.8-7.7,1.3-7.3,8.8C11.2,20,17.1,21,24,21&#039;\/%3E%3C\/svg%3E&quot;);\">\n\t\t\t<span class=\"elementor-divider-separator\">\n\t\t\t\t\t\t<\/span>\n\t\t<\/div>\n\t\t\t\t\t\t<\/div>\n\t\t\t\t<\/div>\n\t\t\t\t<div class=\"elementor-element elementor-element-675a1f4 elementor-widget elementor-widget-heading\" data-id=\"675a1f4\" data-element_type=\"widget\" data-widget_type=\"heading.default\">\n\t\t\t\t<div class=\"elementor-widget-container\">\n\t\t\t\t\t<h5 class=\"elementor-heading-title elementor-size-default\">Conditions<\/h5>\t\t\t\t<\/div>\n\t\t\t\t<\/div>\n\t\t\t\t<div class=\"elementor-element elementor-element-2b0710f elementor-widget elementor-widget-text-editor\" data-id=\"2b0710f\" data-element_type=\"widget\" data-widget_type=\"text-editor.default\">\n\t\t\t\t<div class=\"elementor-widget-container\">\n\t\t\t\t\t\t\t\t\t<p>Trois niveaux de comp\u00e9tences : chef\u2022fe de bord devant Dieppe, Chef de bord c\u00f4tier (\u00e0 moins de 6 milles d\u2019un abri) et chef\u2022fe de bord hauturier. Validation par le directeur du CVD.<\/p><p>Pour chaque sortie, un\u2022e chef\u2022fe de bord reconnu\u2022e et au moins un\u2022e \u00e9quipier\u2022e adh\u00e9rent\u2022e \u00e0 la formule Voile Loisir Habitable ou invit\u00e9\u2022e par le\u2022a chef\u2022fe de bord sont n\u00e9cessaires.<\/p><p>Les adh\u00e9rent\u2022e \u00e0 la formule Voile Loisir Habitable sont prioritaires.<\/p><p>Chaque participant doit \u00eatre inscrit nomm\u00e9ment par le\u2022a chef\u2022fe de bord sur l\u2019agenda et le livre de bord.<span class=\"Apple-converted-space\">\u00a0<\/span><\/p><p><span class=\"Apple-converted-space\">Vous souhaitez valider vos niveaux d&rsquo;exp\u00e9rience 4 ou 5, une certification est ouverte le 7 et 8 septembre 2024, le nombre de place \u00e9tant limit\u00e9, n&rsquo;h\u00e9sitez pas \u00e0 vous renseigner sur contact@cvdieppe.fr<\/span><\/p><p><a href=\"https:\/\/www.cvdieppe.fr\/wp-content\/uploads\/certification-niveau-4.pdf\"><span class=\"Apple-converted-space\">Certification niveau 4<\/span><\/a><\/p><p><a href=\"https:\/\/www.cvdieppe.fr\/wp-content\/uploads\/certification-niveau-5-FFV-2024.pdf\"><span class=\"Apple-converted-space\">Certification niveau 5<\/span><\/a><\/p>\t\t\t\t\t\t\t\t<\/div>\n\t\t\t\t<\/div>\n\t\t\t\t<div class=\"elementor-element elementor-element-b30bbb1 elementor-widget-divider--separator-type-pattern elementor-widget-divider--view-line elementor-widget elementor-widget-divider\" data-id=\"b30bbb1\" data-element_type=\"widget\" data-widget_type=\"divider.default\">\n\t\t\t\t<div class=\"elementor-widget-container\">\n\t\t\t\t\t\t\t<div class=\"elementor-divider\" style=\"--divider-pattern-url: url(&quot;data:image\/svg+xml,%3Csvg xmlns=&#039;http:\/\/www.w3.org\/2000\/svg&#039; preserveAspectRatio=&#039;none&#039; overflow=&#039;visible&#039; height=&#039;100%&#039; viewBox=&#039;0 0 24 24&#039; fill=&#039;none&#039; stroke=&#039;black&#039; stroke-width=&#039;1&#039; stroke-linecap=&#039;square&#039; stroke-miterlimit=&#039;10&#039;%3E%3Cpath d=&#039;M0,21c3.3,0,8.3-0.9,15.7-7.1c6.6-5.4,4.4-9.3,2.4-10.3c-3.4-1.8-7.7,1.3-7.3,8.8C11.2,20,17.1,21,24,21&#039;\/%3E%3C\/svg%3E&quot;);\">\n\t\t\t<span class=\"elementor-divider-separator\">\n\t\t\t\t\t\t<\/span>\n\t\t<\/div>\n\t\t\t\t\t\t<\/div>\n\t\t\t\t<\/div>\n\t\t\t\t<div class=\"elementor-element elementor-element-d9a57e3 elementor-widget elementor-widget-heading\" data-id=\"d9a57e3\" data-element_type=\"widget\" data-widget_type=\"heading.default\">\n\t\t\t\t<div class=\"elementor-widget-container\">\n\t\t\t\t\t<h5 class=\"elementor-heading-title elementor-size-default\">R\u00e9servation du bateau<\/h5>\t\t\t\t<\/div>\n\t\t\t\t<\/div>\n\t\t\t\t<div class=\"elementor-element elementor-element-fc3f315 elementor-widget elementor-widget-text-editor\" data-id=\"fc3f315\" data-element_type=\"widget\" data-widget_type=\"text-editor.default\">\n\t\t\t\t<div class=\"elementor-widget-container\">\n\t\t\t\t\t\t\t\t\t<p>Inscription obligatoire au plus tard 24h avant la sortie sur un agenda partag\u00e9. Pour des sorties de plus d\u2019une journ\u00e9e, une demande pr\u00e9alable doit \u00eatre faite aupr\u00e8s des permanents du CVD.<span class=\"Apple-converted-space\">\u00a0<\/span><\/p><p>Le centre de formation peut, selon ses besoins, r\u00e9server \u00e9galement le bateau pour ses activit\u00e9s ou de la mise \u00e0 disposition ponctuelle.<span class=\"Apple-converted-space\">\u00a0<\/span><\/p><p>La participation aux sorties organis\u00e9es par le CVD (croisi\u00e8re ou r\u00e9gate) sera un motif de priorit\u00e9.<span class=\"Apple-converted-space\">\u00a0<\/span><\/p><p>Les sorties pourront avoir lieu en dehors des heures d\u2019ouverture du centre de formation (cas des sorties en soir\u00e9e).<\/p><p><a href=\"https:\/\/www.cvdieppe.fr\/wp-content\/uploads\/Fiche-inscription-VLH.pdf\">Dossier d&rsquo;inscription<\/a> \u00e0 compl\u00e9ter pour vous inscrire.<\/p>\t\t\t\t\t\t\t\t<\/div>\n\t\t\t\t<\/div>\n\t\t\t\t\t<\/div>\n\t\t<\/div>\n\t\t\t\t\t<\/div>\n\t\t<\/section>\n\t\t\t\t<section class=\"elementor-section elementor-top-section elementor-element elementor-element-ba0bd81 elementor-section-boxed elementor-section-height-default elementor-section-height-default\" data-id=\"ba0bd81\" data-element_type=\"section\">\n\t\t\t\t\t\t<div class=\"elementor-container elementor-column-gap-default\">\n\t\t\t\t\t<div class=\"elementor-column elementor-col-100 elementor-top-column elementor-element elementor-element-f15a31b\" data-id=\"f15a31b\" data-element_type=\"column\">\n\t\t\t<div class=\"elementor-widget-wrap elementor-element-populated\">\n\t\t\t\t\t\t<div class=\"elementor-element elementor-element-216bf8e elementor-widget elementor-widget-image\" data-id=\"216bf8e\" data-element_type=\"widget\" data-widget_type=\"image.default\">\n\t\t\t\t<div class=\"elementor-widget-container\">\n\t\t\t\t\t\t\t\t\t\t\t\t\t\t\t<img fetchpriority=\"high\" decoding=\"async\" width=\"750\" height=\"661\" src=\"https:\/\/www.cvdieppe.fr\/wp-content\/uploads\/Bigaro-1024x903.jpg\" class=\"attachment-large size-large wp-image-1035\" alt=\"\" srcset=\"https:\/\/www.cvdieppe.fr\/wp-content\/uploads\/Bigaro-1024x903.jpg 1024w, https:\/\/www.cvdieppe.fr\/wp-content\/uploads\/Bigaro-300x265.jpg 300w, https:\/\/www.cvdieppe.fr\/wp-content\/uploads\/Bigaro-768x678.jpg 768w\" sizes=\"(max-width: 750px) 100vw, 750px\" \/>\t\t\t\t\t\t\t\t\t\t\t\t\t\t\t<\/div>\n\t\t\t\t<\/div>\n\t\t\t\t\t<\/div>\n\t\t<\/div>\n\t\t\t\t\t<\/div>\n\t\t<\/section>\n\t\t\t\t<\/div>\n\t\t","protected":false},"excerpt":{"rendered":"<p>Une inscription unique&#8230; &#8230;pour une navigation sans limite ! Sur un voilier facile \u00e0 manier et bien \u00e9quip\u00e9, c\u2019est la possibilit\u00e9 de naviguer en libert\u00e9 sans les contraintes d\u2019un stage et sans avoir \u00e0 assumer l\u2019entretien d\u2019un bateau ; c\u2019est la possibilit\u00e9 d\u2019exercer pleinement sa responsabilit\u00e9 de chef de bord [&hellip;]<\/p>\n","protected":false},"author":1,"featured_media":0,"parent":0,"menu_order":0,"comment_status":"closed","ping_status":"closed","template":"","meta":{"_seopress_robots_primary_cat":"","_seopress_titles_title":"","_seopress_titles_desc":"","_seopress_robots_index":"","_eb_attr":"","footnotes":""},"_links":{"self":[{"href":"https:\/\/www.cvdieppe.fr\/index.php?rest_route=\/wp\/v2\/pages\/125"}],"collection":[{"href":"https:\/\/www.cvdieppe.fr\/index.php?rest_route=\/wp\/v2\/pages"}],"about":[{"href":"https:\/\/www.cvdieppe.fr\/index.php?rest_route=\/wp\/v2\/types\/page"}],"author":[{"embeddable":true,"href":"https:\/\/www.cvdieppe.fr\/index.php?rest_route=\/wp\/v2\/users\/1"}],"replies":[{"embeddable":true,"href":"https:\/\/www.cvdieppe.fr\/index.php?rest_route=%2Fwp%2Fv2%2Fcomments&post=125"}],"version-history":[{"count":25,"href":"https:\/\/www.cvdieppe.fr\/index.php?rest_route=\/wp\/v2\/pages\/125\/revisions"}],"predecessor-version":[{"id":3884,"href":"https:\/\/www.cvdieppe.fr\/index.php?rest_route=\/wp\/v2\/pages\/125\/revisions\/3884"}],"wp:attachment":[{"href":"https:\/\/www.cvdieppe.fr\/index.php?rest_route=%2Fwp%2Fv2%2Fmedia&parent=125"}],"curies":[{"name":"wp","href":"https:\/\/api.w.org\/{rel}","templated":true}]}}